{"id":13130,"date":"2024-12-20T19:24:10","date_gmt":"2024-12-20T19:24:10","guid":{"rendered":"https:\/\/vivreauportugalconsulting.com\/?page_id=13130"},"modified":"2024-12-20T19:25:35","modified_gmt":"2024-12-20T19:25:35","slug":"error-403","status":"publish","type":"page","link":"https:\/\/vivreauportugalconsulting.com\/en\/erreur-403\/","title":{"rendered":"Error 403"},"content":{"rendered":"<div data-elementor-type=\"wp-page\" data-elementor-id=\"13130\" class=\"elementor elementor-13130\" data-elementor-post-type=\"page\">\n\t\t\t\t\t\t<section class=\"elementor-section elementor-top-section elementor-element elementor-element-27164293 elementor-section-height-min-height elementor-section-boxed elementor-section-height-default elementor-section-items-middle\" data-id=\"27164293\" data-element_type=\"section\" data-e-type=\"section\" data-settings=\"{&quot;background_background&quot;:&quot;classic&quot;}\">\n\t\t\t\t\t\t\t<div class=\"elementor-background-overlay\"><\/div>\n\t\t\t\t\t\t\t<div class=\"elementor-container elementor-column-gap-default\">\n\t\t\t\t\t<div class=\"elementor-column elementor-col-100 elementor-top-column elementor-element elementor-element-42c73353\" data-id=\"42c73353\" data-element_type=\"column\" data-e-type=\"column\">\n\t\t\t<div class=\"elementor-widget-wrap elementor-element-populated\">\n\t\t\t\t\t\t<div class=\"elementor-element elementor-element-5c774464 elementor-widget elementor-widget-heading\" data-id=\"5c774464\" data-element_type=\"widget\" data-e-type=\"widget\" data-widget_type=\"heading.default\">\n\t\t\t\t<div class=\"elementor-widget-container\">\n\t\t\t\t\t<h2 class=\"elementor-heading-title elementor-size-default\">Error 403<\/h2>\t\t\t\t<\/div>\n\t\t\t\t<\/div>\n\t\t\t\t<div class=\"elementor-element elementor-element-9a2e46a elementor-widget elementor-widget-heading\" data-id=\"9a2e46a\" data-element_type=\"widget\" data-e-type=\"widget\" data-widget_type=\"heading.default\">\n\t\t\t\t<div class=\"elementor-widget-container\">\n\t\t\t\t\t<h1 class=\"elementor-heading-title elementor-size-default\">Oops, that's embarrassing...<\/h1>\t\t\t\t<\/div>\n\t\t\t\t<\/div>\n\t\t\t\t<div class=\"elementor-element elementor-element-7fd1bf8e elementor-widget elementor-widget-text-editor\" data-id=\"7fd1bf8e\" data-element_type=\"widget\" data-e-type=\"widget\" data-widget_type=\"text-editor.default\">\n\t\t\t\t<div class=\"elementor-widget-container\">\n\t\t\t\t\t\t\t\t\t<p><strong>Our services are reserved for residents of the European Union.<\/strong><\/p><p>At VAP Consulting, our mission is to provide services that are perfectly adapted to our customers' needs. To achieve this, we have chosen to concentrate our offer on residents of the European Union.<\/p><p>There are several important reasons for this decision:<\/p><ul><li><strong>Compliance with local regulations<\/strong> : Each region has its own legal and administrative requirements. By limiting our services to the European Union, we can guarantee full compliance and simplified management for our customers.<\/li><li><strong>Optimized, personalized service<\/strong> : By specializing in a specific region, we are able to offer better adapted solutions and faster turnaround times.<\/li><li><strong>A vision for the future<\/strong> We hope to extend our services to other regions in the future. For the moment, however, we're concentrating our efforts on European customers, to offer them the best possible experience.<\/li><\/ul><p>We understand that this limitation may be disappointing for some people, and we sincerely apologize. If you live outside the European Union and are looking for similar services, please do not hesitate to contact us. We'll be delighted to point you in the direction of competent resources or partners in your area.<\/p><p>We thank you for your understanding and remain at your disposal should you have any questions or require further information.<\/p>\t\t\t\t\t\t\t\t<\/div>\n\t\t\t\t<\/div>\n\t\t\t\t\t<\/div>\n\t\t<\/div>\n\t\t\t\t\t<\/div>\n\t\t<\/section>\n\t\t\t\t<\/div>","protected":false},"excerpt":{"rendered":"<p>Error 403 Oups, c&rsquo;est embarrassant&#8230; Nos services sont r\u00e9serv\u00e9s aux r\u00e9sidents de l&rsquo;Union europ\u00e9enne Chez VAP Consulting, notre mission est de fournir des services parfaitement adapt\u00e9s aux besoins de nos clients. Pour cela, nous avons fait le choix de concentrer notre offre sur les r\u00e9sidents de l&rsquo;Union europ\u00e9enne. Cette d\u00e9cision repose sur plusieurs raisons importantes&hellip;&nbsp;<a href=\"https:\/\/vivreauportugalconsulting.com\/en\/erreur-403\/\" rel=\"bookmark\">Read More \"<span class=\"screen-reader-text\">Error 403<\/span><\/a><\/p>","protected":false},"author":1,"featured_media":0,"parent":0,"menu_order":0,"comment_status":"closed","ping_status":"closed","template":"page-templates\/template-pagebuilder-full-width.php","meta":{"neve_meta_sidebar":"","neve_meta_container":"","neve_meta_enable_content_width":"","neve_meta_content_width":0,"neve_meta_title_alignment":"","neve_meta_author_avatar":"","neve_post_elements_order":"","neve_meta_disable_header":"","neve_meta_disable_footer":"","neve_meta_disable_title":"","neve_meta_reading_time":"","footnotes":""},"class_list":["post-13130","page","type-page","status-publish","hentry"],"jetpack_sharing_enabled":true,"_links":{"self":[{"href":"https:\/\/vivreauportugalconsulting.com\/en\/wp-json\/wp\/v2\/pages\/13130","targetHints":{"allow":["GET"]}}],"collection":[{"href":"https:\/\/vivreauportugalconsulting.com\/en\/wp-json\/wp\/v2\/pages"}],"about":[{"href":"https:\/\/vivreauportugalconsulting.com\/en\/wp-json\/wp\/v2\/types\/page"}],"author":[{"embeddable":true,"href":"https:\/\/vivreauportugalconsulting.com\/en\/wp-json\/wp\/v2\/users\/1"}],"replies":[{"embeddable":true,"href":"https:\/\/vivreauportugalconsulting.com\/en\/wp-json\/wp\/v2\/comments?post=13130"}],"version-history":[{"count":0,"href":"https:\/\/vivreauportugalconsulting.com\/en\/wp-json\/wp\/v2\/pages\/13130\/revisions"}],"wp:attachment":[{"href":"https:\/\/vivreauportugalconsulting.com\/en\/wp-json\/wp\/v2\/media?parent=13130"}],"curies":[{"name":"wp","href":"https:\/\/api.w.org\/{rel}","templated":true}]}}