{"id":13130,"date":"2024-12-20T19:24:10","date_gmt":"2024-12-20T19:24:10","guid":{"rendered":"https:\/\/vivreauportugalconsulting.com\/?page_id=13130"},"modified":"2024-12-20T19:25:35","modified_gmt":"2024-12-20T19:25:35","slug":"erreur-403","status":"publish","type":"page","link":"https:\/\/vivreauportugalconsulting.com\/fr_fr\/erreur-403\/","title":{"rendered":"Erreur 403"},"content":{"rendered":"\t\t<div data-elementor-type=\"wp-page\" data-elementor-id=\"13130\" class=\"elementor elementor-13130\" data-elementor-post-type=\"page\">\n\t\t\t\t\t\t<section class=\"elementor-section elementor-top-section elementor-element elementor-element-27164293 elementor-section-height-min-height elementor-section-boxed elementor-section-height-default elementor-section-items-middle\" data-id=\"27164293\" data-element_type=\"section\" data-e-type=\"section\" data-settings=\"{&quot;background_background&quot;:&quot;classic&quot;}\">\n\t\t\t\t\t\t\t<div class=\"elementor-background-overlay\"><\/div>\n\t\t\t\t\t\t\t<div class=\"elementor-container elementor-column-gap-default\">\n\t\t\t\t\t<div class=\"elementor-column elementor-col-100 elementor-top-column elementor-element elementor-element-42c73353\" data-id=\"42c73353\" data-element_type=\"column\" data-e-type=\"column\">\n\t\t\t<div class=\"elementor-widget-wrap elementor-element-populated\">\n\t\t\t\t\t\t<div class=\"elementor-element elementor-element-5c774464 elementor-widget elementor-widget-heading\" data-id=\"5c774464\" data-element_type=\"widget\" data-e-type=\"widget\" data-widget_type=\"heading.default\">\n\t\t\t\t<div class=\"elementor-widget-container\">\n\t\t\t\t\t<h2 class=\"elementor-heading-title elementor-size-default\">Error 403<\/h2>\t\t\t\t<\/div>\n\t\t\t\t<\/div>\n\t\t\t\t<div class=\"elementor-element elementor-element-9a2e46a elementor-widget elementor-widget-heading\" data-id=\"9a2e46a\" data-element_type=\"widget\" data-e-type=\"widget\" data-widget_type=\"heading.default\">\n\t\t\t\t<div class=\"elementor-widget-container\">\n\t\t\t\t\t<h1 class=\"elementor-heading-title elementor-size-default\">Oups, c'est embarrassant...<\/h1>\t\t\t\t<\/div>\n\t\t\t\t<\/div>\n\t\t\t\t<div class=\"elementor-element elementor-element-7fd1bf8e elementor-widget elementor-widget-text-editor\" data-id=\"7fd1bf8e\" data-element_type=\"widget\" data-e-type=\"widget\" data-widget_type=\"text-editor.default\">\n\t\t\t\t<div class=\"elementor-widget-container\">\n\t\t\t\t\t\t\t\t\t<p><strong>Nos services sont r\u00e9serv\u00e9s aux r\u00e9sidents de l&rsquo;Union europ\u00e9enne<\/strong><\/p><p>Chez VAP Consulting, notre mission est de fournir des services parfaitement adapt\u00e9s aux besoins de nos clients. Pour cela, nous avons fait le choix de concentrer notre offre sur les r\u00e9sidents de l&rsquo;Union europ\u00e9enne.<\/p><p>Cette d\u00e9cision repose sur plusieurs raisons importantes :<\/p><ul><li><strong>Respect des r\u00e9glementations locales<\/strong> : Chaque r\u00e9gion a ses propres exigences juridiques et administratives. En limitant nos services \u00e0 l&rsquo;Union europ\u00e9enne, nous pouvons garantir une conformit\u00e9 totale et une gestion simplifi\u00e9e pour nos clients.<\/li><li><strong>Un service optimis\u00e9 et personnalis\u00e9<\/strong> : En nous sp\u00e9cialisant dans une r\u00e9gion pr\u00e9cise, nous sommes en mesure de proposer des solutions mieux adapt\u00e9es et des d\u00e9lais de traitement plus rapides.<\/li><li><strong>Une vision d&rsquo;avenir<\/strong> : Nous esp\u00e9rons \u00e9tendre nos services \u00e0 d&rsquo;autres r\u00e9gions dans le futur. Cependant, pour le moment, nous concentrons nos efforts sur les clients europ\u00e9ens afin de leur offrir la meilleure exp\u00e9rience possible.<\/li><\/ul><p>Nous comprenons que cette limitation puisse \u00eatre d\u00e9cevante pour certaines personnes, et nous en sommes sinc\u00e8rement d\u00e9sol\u00e9s. Si vous \u00eates r\u00e9sident en dehors de l&rsquo;Union europ\u00e9enne et recherchez des services similaires, n&rsquo;h\u00e9sitez pas \u00e0 nous contacter. Nous serons ravis de vous orienter vers des ressources ou des partenaires comp\u00e9tents dans votre r\u00e9gion.<\/p><p>Nous vous remercions pour votre compr\u00e9hension et restons \u00e0 votre disposition pour toute question ou besoin d\u2019information suppl\u00e9mentaire.<\/p>\t\t\t\t\t\t\t\t<\/div>\n\t\t\t\t<\/div>\n\t\t\t\t\t<\/div>\n\t\t<\/div>\n\t\t\t\t\t<\/div>\n\t\t<\/section>\n\t\t\t\t<\/div>\n\t\t","protected":false},"excerpt":{"rendered":"<p>Error 403 Oups, c&rsquo;est embarrassant&#8230; Nos services sont r\u00e9serv\u00e9s aux r\u00e9sidents de l&rsquo;Union europ\u00e9enne Chez VAP Consulting, notre mission est de fournir des services parfaitement adapt\u00e9s aux besoins de nos clients. Pour cela, nous avons fait le choix de concentrer notre offre sur les r\u00e9sidents de l&rsquo;Union europ\u00e9enne. Cette d\u00e9cision repose sur plusieurs raisons importantes&hellip;&nbsp;<a href=\"https:\/\/vivreauportugalconsulting.com\/fr_fr\/erreur-403\/\" rel=\"bookmark\">Read More &raquo;<span class=\"screen-reader-text\">Erreur 403<\/span><\/a><\/p>\n","protected":false},"author":1,"featured_media":0,"parent":0,"menu_order":0,"comment_status":"closed","ping_status":"closed","template":"page-templates\/template-pagebuilder-full-width.php","meta":{"neve_meta_sidebar":"","neve_meta_container":"","neve_meta_enable_content_width":"","neve_meta_content_width":0,"neve_meta_title_alignment":"","neve_meta_author_avatar":"","neve_post_elements_order":"","neve_meta_disable_header":"","neve_meta_disable_footer":"","neve_meta_disable_title":"","neve_meta_reading_time":"","footnotes":""},"class_list":["post-13130","page","type-page","status-publish","hentry"],"jetpack_sharing_enabled":true,"_links":{"self":[{"href":"https:\/\/vivreauportugalconsulting.com\/fr_fr\/wp-json\/wp\/v2\/pages\/13130","targetHints":{"allow":["GET"]}}],"collection":[{"href":"https:\/\/vivreauportugalconsulting.com\/fr_fr\/wp-json\/wp\/v2\/pages"}],"about":[{"href":"https:\/\/vivreauportugalconsulting.com\/fr_fr\/wp-json\/wp\/v2\/types\/page"}],"author":[{"embeddable":true,"href":"https:\/\/vivreauportugalconsulting.com\/fr_fr\/wp-json\/wp\/v2\/users\/1"}],"replies":[{"embeddable":true,"href":"https:\/\/vivreauportugalconsulting.com\/fr_fr\/wp-json\/wp\/v2\/comments?post=13130"}],"version-history":[{"count":0,"href":"https:\/\/vivreauportugalconsulting.com\/fr_fr\/wp-json\/wp\/v2\/pages\/13130\/revisions"}],"wp:attachment":[{"href":"https:\/\/vivreauportugalconsulting.com\/fr_fr\/wp-json\/wp\/v2\/media?parent=13130"}],"curies":[{"name":"wp","href":"https:\/\/api.w.org\/{rel}","templated":true}]}}