{"id":26,"date":"2015-10-19T22:25:35","date_gmt":"2015-10-19T22:25:35","guid":{"rendered":"http:\/\/vivreauportugalconsulting.com\/?page_id=26"},"modified":"2024-08-27T11:21:46","modified_gmt":"2024-08-27T10:21:46","slug":"vivre-au-portugal-consulting","status":"publish","type":"page","link":"https:\/\/vivreauportugalconsulting.com\/fr_fr\/vivre-au-portugal-consulting\/","title":{"rendered":"QUI EST VIVRE AU PORTUGAL CONSULTING"},"content":{"rendered":"\t\t<div data-elementor-type=\"wp-page\" data-elementor-id=\"26\" class=\"elementor elementor-26\" data-elementor-post-type=\"page\">\n\t\t\t\t\t\t<section class=\"elementor-section elementor-top-section elementor-element elementor-element-266c9337 elementor-reverse-mobile elementor-section-height-min-height elementor-section-items-stretch elementor-section-boxed elementor-section-height-default\" data-id=\"266c9337\" data-element_type=\"section\" data-e-type=\"section\" data-settings=\"{&quot;background_background&quot;:&quot;classic&quot;}\">\n\t\t\t\t\t\t<div class=\"elementor-container elementor-column-gap-default\">\n\t\t\t\t\t<div class=\"elementor-column elementor-col-100 elementor-top-column elementor-element elementor-element-6c8c62e\" data-id=\"6c8c62e\" data-element_type=\"column\" data-e-type=\"column\">\n\t\t\t<div class=\"elementor-widget-wrap elementor-element-populated\">\n\t\t\t\t\t\t<div class=\"elementor-element elementor-element-7d93ab45 elementor-widget elementor-widget-heading\" data-id=\"7d93ab45\" data-element_type=\"widget\" data-e-type=\"widget\" data-widget_type=\"heading.default\">\n\t\t\t\t<div class=\"elementor-widget-container\">\n\t\t\t\t\t<h2 class=\"elementor-heading-title elementor-size-default\">Qui est VAP Consulting <\/h2>\t\t\t\t<\/div>\n\t\t\t\t<\/div>\n\t\t\t\t<div class=\"elementor-element elementor-element-5fe8fc elementor-widget-divider--view-line elementor-invisible elementor-widget elementor-widget-divider\" data-id=\"5fe8fc\" data-element_type=\"widget\" data-e-type=\"widget\" data-settings=\"{&quot;_animation&quot;:&quot;bounceInLeft&quot;}\" data-widget_type=\"divider.default\">\n\t\t\t\t<div class=\"elementor-widget-container\">\n\t\t\t\t\t\t\t<div class=\"elementor-divider\">\n\t\t\t<span class=\"elementor-divider-separator\">\n\t\t\t\t\t\t<\/span>\n\t\t<\/div>\n\t\t\t\t\t\t<\/div>\n\t\t\t\t<\/div>\n\t\t\t\t<div class=\"elementor-element elementor-element-49e49761 elementor-widget elementor-widget-text-editor\" data-id=\"49e49761\" data-element_type=\"widget\" data-e-type=\"widget\" data-widget_type=\"text-editor.default\">\n\t\t\t\t<div class=\"elementor-widget-container\">\n\t\t\t\t\t\t\t\t\t<h2><span style=\"color: #ffffff;\">Votre partenaire francophone au Portugal<\/span><\/h2>\t\t\t\t\t\t\t\t<\/div>\n\t\t\t\t<\/div>\n\t\t\t\t\t<\/div>\n\t\t<\/div>\n\t\t\t\t<div class=\"elementor-column elementor-col-100 elementor-top-column elementor-element elementor-element-10833a72\" data-id=\"10833a72\" data-element_type=\"column\" data-e-type=\"column\">\n\t\t\t<div class=\"elementor-widget-wrap elementor-element-populated\">\n\t\t\t\t\t\t<div class=\"elementor-element elementor-element-99ddaed elementor-widget elementor-widget-spacer\" data-id=\"99ddaed\" data-element_type=\"widget\" data-e-type=\"widget\" data-widget_type=\"spacer.default\">\n\t\t\t\t<div class=\"elementor-widget-container\">\n\t\t\t\t\t\t\t<div class=\"elementor-spacer\">\n\t\t\t<div class=\"elementor-spacer-inner\"><\/div>\n\t\t<\/div>\n\t\t\t\t\t\t<\/div>\n\t\t\t\t<\/div>\n\t\t\t\t\t<\/div>\n\t\t<\/div>\n\t\t\t\t\t<\/div>\n\t\t<\/section>\n\t\t\t\t<section class=\"elementor-section elementor-top-section elementor-element elementor-element-69a53970 elementor-section-boxed elementor-section-height-default elementor-section-height-default\" data-id=\"69a53970\" data-element_type=\"section\" data-e-type=\"section\" data-settings=\"{&quot;background_background&quot;:&quot;classic&quot;}\">\n\t\t\t\t\t\t<div class=\"elementor-container elementor-column-gap-default\">\n\t\t\t\t\t<div class=\"elementor-column elementor-col-50 elementor-top-column elementor-element elementor-element-7d28ccd1\" data-id=\"7d28ccd1\" data-element_type=\"column\" data-e-type=\"column\">\n\t\t\t<div class=\"elementor-widget-wrap elementor-element-populated\">\n\t\t\t\t\t\t<div class=\"elementor-element elementor-element-19f31b93 elementor-widget elementor-widget-text-editor\" data-id=\"19f31b93\" data-element_type=\"widget\" data-e-type=\"widget\" data-widget_type=\"text-editor.default\">\n\t\t\t\t<div class=\"elementor-widget-container\">\n\t\t\t\t\t\t\t\t\t<p class=\"p1\">Chez <b>VAP Consulting<\/b>, nous sommes des experts en strat\u00e9gie et gestion des affaires, sp\u00e9cialis\u00e9s dans l\u2019accompagnement des entreprises en France et au Portugal. Avec une connaissance approfondie des deux march\u00e9s, nous offrons des solutions sur mesure pour propulser votre entreprise vers le succ\u00e8s.<\/p><p class=\"p1\"><b>Notre mission<\/b> est de vous aider \u00e0 surmonter les d\u00e9fis li\u00e9s \u00e0 l\u2019internationalisation et \u00e0 l\u2019expansion. Nous apportons notre expertise biculturelle pour optimiser vos op\u00e9rations, am\u00e9liorer votre efficacit\u00e9 et stimuler votre croissance dans la r\u00e9gion.\u00a0<\/p><p class=\"p1\">Nous assistons \u00e9galement vos \u00e9quipes dans l\u2019installation de vos actifs dans le pays et vous aidons \u00e0 b\u00e9n\u00e9ficier des avantages fiscaux locaux pour maximiser vos \u00e9conomies et am\u00e9liorer votre comp\u00e9titivit\u00e9.<\/p>\t\t\t\t\t\t\t\t<\/div>\n\t\t\t\t<\/div>\n\t\t\t\t<div class=\"elementor-element elementor-element-6ab26bd6 elementor-widget-divider--view-line elementor-widget elementor-widget-divider\" data-id=\"6ab26bd6\" data-element_type=\"widget\" data-e-type=\"widget\" data-widget_type=\"divider.default\">\n\t\t\t\t<div class=\"elementor-widget-container\">\n\t\t\t\t\t\t\t<div class=\"elementor-divider\">\n\t\t\t<span class=\"elementor-divider-separator\">\n\t\t\t\t\t\t<\/span>\n\t\t<\/div>\n\t\t\t\t\t\t<\/div>\n\t\t\t\t<\/div>\n\t\t\t\t<div class=\"elementor-element elementor-element-56bffb7 elementor-widget elementor-widget-text-editor\" data-id=\"56bffb7\" data-element_type=\"widget\" data-e-type=\"widget\" data-widget_type=\"text-editor.default\">\n\t\t\t\t<div class=\"elementor-widget-container\">\n\t\t\t\t\t\t\t\t\t<p class=\"p1\"><b>Pourquoi nous choisir ?<\/b><\/p><p class=\"p3\"><b>Expertise Biculturelle<\/b> : Une compr\u00e9hension unique des dynamiques \u00e9conomiques et culturelles en France et au Portugal.<\/p><p class=\"p3\"><b>Approche Personnalis\u00e9e<\/b> : Des solutions adapt\u00e9es \u00e0 vos besoins sp\u00e9cifiques et \u00e0 vos objectifs d\u2019affaires.<\/p><p class=\"p3\"><b>R\u00e9sultats Concrets<\/b> : Un engagement \u00e0 fournir des r\u00e9sultats tangibles qui soutiennent votre croissance et votre succ\u00e8s.<\/p>\t\t\t\t\t\t\t\t<\/div>\n\t\t\t\t<\/div>\n\t\t\t\t\t<\/div>\n\t\t<\/div>\n\t\t\t\t<div class=\"elementor-column elementor-col-50 elementor-top-column elementor-element elementor-element-3928f7f\" data-id=\"3928f7f\" data-element_type=\"column\" data-e-type=\"column\">\n\t\t\t<div class=\"elementor-widget-wrap elementor-element-populated\">\n\t\t\t\t\t\t<div class=\"elementor-element elementor-element-61d7686f elementor-widget elementor-widget-text-editor\" data-id=\"61d7686f\" data-element_type=\"widget\" data-e-type=\"widget\" data-widget_type=\"text-editor.default\">\n\t\t\t\t<div class=\"elementor-widget-container\">\n\t\t\t\t\t\t\t\t\t<h2>Faite confiance \u00e0 notre \u00e9quipe<\/h2><p class=\"p1\"><b>Ce que nous proposons :<\/b><\/p><p class=\"p1\"><b>Consulting Strat\u00e9gique<\/b> : D\u00e9veloppez des strat\u00e9gies robustes pour entrer et prosp\u00e9rer sur le march\u00e9 portugais.<\/p><p class=\"p3\"><b>Gestion de Changement<\/b> : Recevez un accompagnement expert lors de transitions cl\u00e9s et d\u2019initiatives de transformation.<\/p><p class=\"p3\"><b>Am\u00e9lioration Continue<\/b> : B\u00e9n\u00e9ficiez d\u2019une analyse approfondie et de recommandations pour maximiser vos performances.<\/p><p class=\"p3\"><b>Aide \u00e0 l\u2019Installation<\/b> :Assistance dans l\u2019installation de vos actifs dans le pays et conseils pour profiter des avantages fiscaux locaux.<\/p>\t\t\t\t\t\t\t\t<\/div>\n\t\t\t\t<\/div>\n\t\t\t\t<div class=\"elementor-element elementor-element-9d9b256 elementor-widget-divider--view-line elementor-widget elementor-widget-divider\" data-id=\"9d9b256\" data-element_type=\"widget\" data-e-type=\"widget\" data-widget_type=\"divider.default\">\n\t\t\t\t<div class=\"elementor-widget-container\">\n\t\t\t\t\t\t\t<div class=\"elementor-divider\">\n\t\t\t<span class=\"elementor-divider-separator\">\n\t\t\t\t\t\t<\/span>\n\t\t<\/div>\n\t\t\t\t\t\t<\/div>\n\t\t\t\t<\/div>\n\t\t\t\t<div class=\"elementor-element elementor-element-b36afdf elementor-widget elementor-widget-text-editor\" data-id=\"b36afdf\" data-element_type=\"widget\" data-e-type=\"widget\" data-widget_type=\"text-editor.default\">\n\t\t\t\t<div class=\"elementor-widget-container\">\n\t\t\t\t\t\t\t\t\t<p class=\"p1\">Nous sommes passionn\u00e9s par la r\u00e9ussite de nos clients et nous nous engageons \u00e0 \u00eatre le partenaire strat\u00e9gique dont vous avez besoin pour r\u00e9aliser vos ambitions dans la p\u00e9ninsule ib\u00e9rique.\u00a0<a href=\"https:\/\/vivreauportugalconsulting.com\/contact\/\"><b>Contactez-nous<\/b><\/a> d\u00e8s aujourd\u2019hui pour d\u00e9couvrir comment nous pouvons vous aider \u00e0 atteindre vos objectifs d\u2019affaires.<\/p>\t\t\t\t\t\t\t\t<\/div>\n\t\t\t\t<\/div>\n\t\t\t\t\t<\/div>\n\t\t<\/div>\n\t\t\t\t\t<\/div>\n\t\t<\/section>\n\t\t\t\t<section class=\"elementor-section elementor-top-section elementor-element elementor-element-52e87d89 elementor-section-boxed elementor-section-height-default elementor-section-height-default\" data-id=\"52e87d89\" data-element_type=\"section\" data-e-type=\"section\" data-settings=\"{&quot;background_background&quot;:&quot;classic&quot;}\">\n\t\t\t\t\t\t<div class=\"elementor-container elementor-column-gap-no\">\n\t\t\t\t\t<div class=\"elementor-column elementor-col-100 elementor-top-column elementor-element elementor-element-1cf5a3e7\" data-id=\"1cf5a3e7\" data-element_type=\"column\" data-e-type=\"column\">\n\t\t\t<div class=\"elementor-widget-wrap elementor-element-populated\">\n\t\t\t\t\t\t<div class=\"elementor-element elementor-element-12e5f35c elementor-widget elementor-widget-heading\" data-id=\"12e5f35c\" data-element_type=\"widget\" data-e-type=\"widget\" data-widget_type=\"heading.default\">\n\t\t\t\t<div class=\"elementor-widget-container\">\n\t\t\t\t\t<h2 class=\"elementor-heading-title elementor-size-default\">CE QUE NOUS VALORISONS<\/h2>\t\t\t\t<\/div>\n\t\t\t\t<\/div>\n\t\t\t\t<div class=\"elementor-element elementor-element-61875b39 elementor-widget-divider--view-line elementor-invisible elementor-widget elementor-widget-divider\" data-id=\"61875b39\" data-element_type=\"widget\" data-e-type=\"widget\" data-settings=\"{&quot;_animation&quot;:&quot;bounceInLeft&quot;}\" data-widget_type=\"divider.default\">\n\t\t\t\t<div class=\"elementor-widget-container\">\n\t\t\t\t\t\t\t<div class=\"elementor-divider\">\n\t\t\t<span class=\"elementor-divider-separator\">\n\t\t\t\t\t\t<\/span>\n\t\t<\/div>\n\t\t\t\t\t\t<\/div>\n\t\t\t\t<\/div>\n\t\t\t\t<div class=\"elementor-element elementor-element-2ecf8242 elementor-tabs-view-vertical elementor-widget elementor-widget-tabs\" data-id=\"2ecf8242\" data-element_type=\"widget\" data-e-type=\"widget\" data-widget_type=\"tabs.default\">\n\t\t\t\t<div class=\"elementor-widget-container\">\n\t\t\t\t\t\t\t<div class=\"elementor-tabs\">\n\t\t\t<div class=\"elementor-tabs-wrapper\" role=\"tablist\" >\n\t\t\t\t\t\t\t\t\t<div id=\"elementor-tab-title-7851\" class=\"elementor-tab-title elementor-tab-desktop-title\" aria-selected=\"true\" data-tab=\"1\" role=\"tab\" tabindex=\"0\" aria-controls=\"elementor-tab-content-7851\" aria-expanded=\"false\">Cellule  professionnel <\/div>\n\t\t\t\t\t\t\t\t\t<div id=\"elementor-tab-title-7852\" class=\"elementor-tab-title elementor-tab-desktop-title\" aria-selected=\"false\" data-tab=\"2\" role=\"tab\" tabindex=\"-1\" aria-controls=\"elementor-tab-content-7852\" aria-expanded=\"false\">Un service d\u00e9di\u00e9 \u00e0 l'expatriation<\/div>\n\t\t\t\t\t\t\t\t\t<div id=\"elementor-tab-title-7853\" class=\"elementor-tab-title elementor-tab-desktop-title\" aria-selected=\"false\" data-tab=\"3\" role=\"tab\" tabindex=\"-1\" aria-controls=\"elementor-tab-content-7853\" aria-expanded=\"false\">Des livres d\u00e9di\u00e9 \u00e0 l'expatriation <\/div>\n\t\t\t\t\t\t\t\t\t<div id=\"elementor-tab-title-7854\" class=\"elementor-tab-title elementor-tab-desktop-title\" aria-selected=\"false\" data-tab=\"4\" role=\"tab\" tabindex=\"-1\" aria-controls=\"elementor-tab-content-7854\" aria-expanded=\"false\">Un acc\u00e8s \u00e0 nos fiscalistes <\/div>\n\t\t\t\t\t\t\t<\/div>\n\t\t\t<div class=\"elementor-tabs-content-wrapper\" role=\"tablist\" aria-orientation=\"vertical\">\n\t\t\t\t\t\t\t\t\t<div class=\"elementor-tab-title elementor-tab-mobile-title\" aria-selected=\"true\" data-tab=\"1\" role=\"tab\" tabindex=\"0\" aria-controls=\"elementor-tab-content-7851\" aria-expanded=\"false\">Cellule  professionnel <\/div>\n\t\t\t\t\t<div id=\"elementor-tab-content-7851\" class=\"elementor-tab-content elementor-clearfix\" data-tab=\"1\" role=\"tabpanel\" aria-labelledby=\"elementor-tab-title-7851\" tabindex=\"0\" hidden=\"false\"><p><a href=\"https:\/\/i0.wp.com\/vivreauportugalconsulting.com\/wp-content\/uploads\/2019\/09\/agenda-analysis-business-plan-990818.jpg?ssl=1\"><img fetchpriority=\"high\" decoding=\"async\" data-recalc-dims=\"1\" class=\"aligncenter size-full wp-image-6101\" src=\"https:\/\/i0.wp.com\/vivreauportugalconsulting.com\/wp-content\/uploads\/2019\/09\/agenda-analysis-business-plan-990818.jpg?resize=1200%2C731&#038;ssl=1\" alt=\"cr\u00e9er une entreprise au portugal\" width=\"1200\" height=\"731\" srcset=\"https:\/\/i0.wp.com\/vivreauportugalconsulting.com\/wp-content\/uploads\/2019\/09\/agenda-analysis-business-plan-990818.jpg?w=2500&amp;ssl=1 2500w, https:\/\/i0.wp.com\/vivreauportugalconsulting.com\/wp-content\/uploads\/2019\/09\/agenda-analysis-business-plan-990818.jpg?resize=275%2C167&amp;ssl=1 275w, https:\/\/i0.wp.com\/vivreauportugalconsulting.com\/wp-content\/uploads\/2019\/09\/agenda-analysis-business-plan-990818.jpg?resize=624%2C380&amp;ssl=1 624w, https:\/\/i0.wp.com\/vivreauportugalconsulting.com\/wp-content\/uploads\/2019\/09\/agenda-analysis-business-plan-990818.jpg?resize=1024%2C623&amp;ssl=1 1024w, https:\/\/i0.wp.com\/vivreauportugalconsulting.com\/wp-content\/uploads\/2019\/09\/agenda-analysis-business-plan-990818.jpg?w=2400&amp;ssl=1 2400w\" sizes=\"(max-width: 1200px) 100vw, 1200px\" \/><\/a><\/p>\n<p class=\"p1\">Notre cellule d\u00e9di\u00e9e aux professionnels, sera \u00e0 m\u00eame de vous assister dans la cr\u00e9ation de votre entreprise au Portugal, en vous proposant un panel de service complet qui vous permettrons de commencer votre activit\u00e9 l\u2019esprit libre. \u00a0<\/p><\/div>\n\t\t\t\t\t\t\t\t\t<div class=\"elementor-tab-title elementor-tab-mobile-title\" aria-selected=\"false\" data-tab=\"2\" role=\"tab\" tabindex=\"-1\" aria-controls=\"elementor-tab-content-7852\" aria-expanded=\"false\">Un service d\u00e9di\u00e9 \u00e0 l'expatriation<\/div>\n\t\t\t\t\t<div id=\"elementor-tab-content-7852\" class=\"elementor-tab-content elementor-clearfix\" data-tab=\"2\" role=\"tabpanel\" aria-labelledby=\"elementor-tab-title-7852\" tabindex=\"0\" hidden=\"hidden\"><p><a href=\"https:\/\/i0.wp.com\/vivreauportugalconsulting.com\/wp-content\/uploads\/2019\/07\/expatriation-assurer-ses-arri%C3%A8res.jpg?ssl=1\"><img decoding=\"async\" data-recalc-dims=\"1\" class=\"aligncenter size-full wp-image-5778\" src=\"https:\/\/i0.wp.com\/vivreauportugalconsulting.com\/wp-content\/uploads\/2019\/07\/expatriation-assurer-ses-arri%C3%A8res.jpg?resize=740%2C462&#038;ssl=1\" alt=\"expatriation\" width=\"740\" height=\"462\" \/><\/a><\/p><p><strong>Vous souhaitez vous expatrier et b\u00e9n\u00e9ficier du statut de r\u00e9sident non habituel ?<\/strong><\/p><p>Confiez votre expatriation au\u00a0<a href=\"https:\/\/portobeautiful.com\/\" target=\"_blank\" rel=\"noopener\">Portugal<\/a>, \u00e0 notre \u00e9quipe. Nous vous apportons un service d\u2019accompagnement et de conseil. De la r\u00e9alisation \u00e0 l\u2019ach\u00e8vement et l\u2019obtention de votre statut de r\u00e9sident non habituel.\u00a0<\/p><\/div>\n\t\t\t\t\t\t\t\t\t<div class=\"elementor-tab-title elementor-tab-mobile-title\" aria-selected=\"false\" data-tab=\"3\" role=\"tab\" tabindex=\"-1\" aria-controls=\"elementor-tab-content-7853\" aria-expanded=\"false\">Des livres d\u00e9di\u00e9 \u00e0 l'expatriation <\/div>\n\t\t\t\t\t<div id=\"elementor-tab-content-7853\" class=\"elementor-tab-content elementor-clearfix\" data-tab=\"3\" role=\"tabpanel\" aria-labelledby=\"elementor-tab-title-7853\" tabindex=\"0\" hidden=\"hidden\"><p><a href=\"https:\/\/i0.wp.com\/vivreauportugalconsulting.com\/wp-content\/uploads\/2019\/06\/livre-vivre-au-portugal-.png?ssl=1\"><img decoding=\"async\" data-recalc-dims=\"1\" class=\"size-medium wp-image-6019 aligncenter\" src=\"https:\/\/i0.wp.com\/vivreauportugalconsulting.com\/wp-content\/uploads\/2019\/08\/GUIDE-EXPATRIATION-AU-PORTUGAL-.jpg?resize=650%2C366&#038;ssl=1\" alt=\"guides expatriation au portugal\" width=\"650\" height=\"366\" srcset=\"https:\/\/i0.wp.com\/vivreauportugalconsulting.com\/wp-content\/uploads\/2019\/08\/GUIDE-EXPATRIATION-AU-PORTUGAL-.jpg?w=2560&amp;ssl=1 2560w, https:\/\/i0.wp.com\/vivreauportugalconsulting.com\/wp-content\/uploads\/2019\/08\/GUIDE-EXPATRIATION-AU-PORTUGAL-.jpg?resize=275%2C155&amp;ssl=1 275w, https:\/\/i0.wp.com\/vivreauportugalconsulting.com\/wp-content\/uploads\/2019\/08\/GUIDE-EXPATRIATION-AU-PORTUGAL-.jpg?resize=650%2C366&amp;ssl=1 650w, https:\/\/i0.wp.com\/vivreauportugalconsulting.com\/wp-content\/uploads\/2019\/08\/GUIDE-EXPATRIATION-AU-PORTUGAL-.jpg?resize=1024%2C576&amp;ssl=1 1024w, https:\/\/i0.wp.com\/vivreauportugalconsulting.com\/wp-content\/uploads\/2019\/08\/GUIDE-EXPATRIATION-AU-PORTUGAL-.jpg?w=2400&amp;ssl=1 2400w\" sizes=\"(max-width: 650px) 100vw, 650px\" \/><\/a><\/p><p>\u00c0 travers ses diff\u00e9rents guides, nous vous permettons de vous <a href=\"https:\/\/vivreauportugalconsulting.com\/le-portugal-fiscalite-reduite\/\" target=\"_blank\" rel=\"noreferrer noopener\" aria-label=\"expatrier (opens in a new tab)\">expatrier<\/a> au Portugal en toute s\u00e9r\u00e9nit\u00e9.<\/p><p>Que ce soit pour votre expatriation au Portugal o\u00f9 cr\u00e9er votre propre entreprise. Ou bien alors, r\u00e9aliser votre premier investissement immobilier.<\/p><p>Tous nos guides sont r\u00e9alis\u00e9s avec le m\u00eame objectif, faire en sorte que vous puissiez entreprendre et r\u00e9aliser les diff\u00e9rentes d\u00e9marches le plus facilement possible.<\/p><\/div>\n\t\t\t\t\t\t\t\t\t<div class=\"elementor-tab-title elementor-tab-mobile-title\" aria-selected=\"false\" data-tab=\"4\" role=\"tab\" tabindex=\"-1\" aria-controls=\"elementor-tab-content-7854\" aria-expanded=\"false\">Un acc\u00e8s \u00e0 nos fiscalistes <\/div>\n\t\t\t\t\t<div id=\"elementor-tab-content-7854\" class=\"elementor-tab-content elementor-clearfix\" data-tab=\"4\" role=\"tabpanel\" aria-labelledby=\"elementor-tab-title-7854\" tabindex=\"0\" hidden=\"hidden\"><p><img loading=\"lazy\" decoding=\"async\" data-recalc-dims=\"1\" class=\"size-medium wp-image-5959 aligncenter\" src=\"https:\/\/i0.wp.com\/vivreauportugalconsulting.com\/wp-content\/uploads\/2019\/08\/CONSULTATION-FISCALE-PERSONNALISEE.jpg?resize=650%2C344&#038;ssl=1\" alt=\"projet d'expatriation au portugal\" width=\"650\" height=\"344\" srcset=\"https:\/\/i0.wp.com\/vivreauportugalconsulting.com\/wp-content\/uploads\/2019\/08\/CONSULTATION-FISCALE-PERSONNALISEE.jpg?w=1700&amp;ssl=1 1700w, https:\/\/i0.wp.com\/vivreauportugalconsulting.com\/wp-content\/uploads\/2019\/08\/CONSULTATION-FISCALE-PERSONNALISEE.jpg?resize=275%2C146&amp;ssl=1 275w, https:\/\/i0.wp.com\/vivreauportugalconsulting.com\/wp-content\/uploads\/2019\/08\/CONSULTATION-FISCALE-PERSONNALISEE.jpg?resize=650%2C344&amp;ssl=1 650w, https:\/\/i0.wp.com\/vivreauportugalconsulting.com\/wp-content\/uploads\/2019\/08\/CONSULTATION-FISCALE-PERSONNALISEE.jpg?resize=1024%2C542&amp;ssl=1 1024w\" sizes=\"(max-width: 650px) 100vw, 650px\" \/><\/p><p><strong>Nous vous proposons un rendez-vous personnalis\u00e9. <\/strong><\/p><p>Vous souhaitez partir vivre au Portugal, cependant de nombreuses questions subsistent. Nous \u00e9tudierons ensembles la meilleure solution pour une <a href=\"https:\/\/alfimmobilier.com\/\" target=\"_blank\" rel=\"noopener\">installation<\/a> agr\u00e9able et facile.\u00a0<\/p><p>Dans le but de vous aider dans votre nouveau projet de vie en direction du Portugal. Nous vous proposons un entretien personnalis\u00e9 par l\u2019interm\u00e9diaire d\u2019une vid\u00e9oconf\u00e9rence<\/p><\/div>\n\t\t\t\t\t\t\t<\/div>\n\t\t<\/div>\n\t\t\t\t\t\t<\/div>\n\t\t\t\t<\/div>\n\t\t\t\t\t<\/div>\n\t\t<\/div>\n\t\t\t\t\t<\/div>\n\t\t<\/section>\n\t\t\t\t<section class=\"elementor-section elementor-top-section elementor-element elementor-element-51a97dbd elementor-section-boxed elementor-section-height-default elementor-section-height-default\" data-id=\"51a97dbd\" data-element_type=\"section\" data-e-type=\"section\" data-settings=\"{&quot;background_background&quot;:&quot;classic&quot;}\">\n\t\t\t\t\t\t<div class=\"elementor-container elementor-column-gap-default\">\n\t\t\t\t\t<div class=\"elementor-column elementor-col-100 elementor-top-column elementor-element elementor-element-51f7a01\" data-id=\"51f7a01\" data-element_type=\"column\" data-e-type=\"column\">\n\t\t\t<div class=\"elementor-widget-wrap elementor-element-populated\">\n\t\t\t\t\t\t<section class=\"elementor-section elementor-inner-section elementor-element elementor-element-28b84647 elementor-section-boxed elementor-section-height-default elementor-section-height-default\" data-id=\"28b84647\" data-element_type=\"section\" data-e-type=\"section\">\n\t\t\t\t\t\t<div class=\"elementor-container elementor-column-gap-default\">\n\t\t\t\t\t<div class=\"elementor-column elementor-col-50 elementor-inner-column elementor-element elementor-element-64e2e518\" data-id=\"64e2e518\" data-element_type=\"column\" data-e-type=\"column\">\n\t\t\t<div class=\"elementor-widget-wrap elementor-element-populated\">\n\t\t\t\t\t\t<div class=\"elementor-element elementor-element-57566226 elementor-align-right envato-kit-80-cta elementor-widget elementor-widget-button\" data-id=\"57566226\" data-element_type=\"widget\" data-e-type=\"widget\" data-widget_type=\"button.default\">\n\t\t\t\t<div class=\"elementor-widget-container\">\n\t\t\t\t\t\t\t\t\t<div class=\"elementor-button-wrapper\">\n\t\t\t\t\t<a class=\"elementor-button elementor-button-link elementor-size-sm\" href=\"#\">\n\t\t\t\t\t\t<span class=\"elementor-button-content-wrapper\">\n\t\t\t\t\t\t\t\t\t<span class=\"elementor-button-text\">Prenez contact avec notre \u00e9quipe afin d'\u00e9changer sur votre projet <\/span>\n\t\t\t\t\t<\/span>\n\t\t\t\t\t<\/a>\n\t\t\t\t<\/div>\n\t\t\t\t\t\t\t\t<\/div>\n\t\t\t\t<\/div>\n\t\t\t\t\t<\/div>\n\t\t<\/div>\n\t\t\t\t<div class=\"elementor-column elementor-col-50 elementor-inner-column elementor-element elementor-element-302bd88b\" data-id=\"302bd88b\" data-element_type=\"column\" data-e-type=\"column\">\n\t\t\t<div class=\"elementor-widget-wrap elementor-element-populated\">\n\t\t\t\t\t\t<div class=\"elementor-element elementor-element-187bb5d2 elementor-view-default elementor-widget elementor-widget-icon\" data-id=\"187bb5d2\" data-element_type=\"widget\" data-e-type=\"widget\" data-widget_type=\"icon.default\">\n\t\t\t\t<div class=\"elementor-widget-container\">\n\t\t\t\t\t\t\t<div class=\"elementor-icon-wrapper\">\n\t\t\t<a class=\"elementor-icon\" href=\"mailto:contact@vivreauportugalconsulting.com\">\n\t\t\t<i aria-hidden=\"true\" class=\"fas fa-forward\"><\/i>\t\t\t<\/a>\n\t\t<\/div>\n\t\t\t\t\t\t<\/div>\n\t\t\t\t<\/div>\n\t\t\t\t\t<\/div>\n\t\t<\/div>\n\t\t\t\t\t<\/div>\n\t\t<\/section>\n\t\t\t\t\t<\/div>\n\t\t<\/div>\n\t\t\t\t\t<\/div>\n\t\t<\/section>\n\t\t\t\t<\/div>\n\t\t","protected":false},"excerpt":{"rendered":"<p>Vivre\u00a0au Portugal Consulting\u00a0est une soci\u00e9t\u00e9 de services sp\u00e9cialis\u00e9e dans l\u2019assistance \u00e0 l\u2019installation de votre int\u00e9gration au Portugal.<\/p>\n<p>Vivre\u00a0au Portugal Consulting,\u00a0dispose \u00e9galement\u00a0d\u2019une\u00a0cellule\u00a0d\u00e9di\u00e9e\u00a0au professionnel. Qui sera \u00e0 votre disposition pour vous aider \u00e0 transf\u00e9rer o\u00f9\u00a0implanter \u00a0votre entreprise au Portugal. Part la m\u00eame b\u00e9n\u00e9ficier des nombreux avantages\u00a0fiscaux qu&rsquo;offre le Portugal.<\/p>\n<p>Notre \u00e9quipe,\u00a0totalement bilingue fran\u00e7ais-portugais et de\u00a0nationalit\u00e9 Fran\u00e7aise et Portugaise, vivant \u00e0 Porto\u00a0depuis de nombreuses\u00a0ann\u00e9es\u00a0est \u00e9galement tr\u00e8s int\u00e9gr\u00e9e dans la communaut\u00e9 francophone. Ce v\u00e9cu lui donne les atouts n\u00e9cessaires pour \u00eatre \u00e0 l\u2019\u00e9coute des besoins sp\u00e9cifiques de chaque client en apportant conseil et expertise pour la r\u00e9alisation de toutes d\u00e9marches administratives et d\u2019installation,\u00a0et ce, de fa\u00e7on totalement ind\u00e9pendante et personnalis\u00e9e.<\/p>\n","protected":false},"author":1,"featured_media":9060,"parent":0,"menu_order":0,"comment_status":"closed","ping_status":"closed","template":"elementor_header_footer","meta":{"neve_meta_sidebar":"","neve_meta_container":"","neve_meta_enable_content_width":"","neve_meta_content_width":0,"neve_meta_title_alignment":"","neve_meta_author_avatar":"","neve_post_elements_order":"","neve_meta_disable_header":"","neve_meta_disable_footer":"","neve_meta_disable_title":"","neve_meta_reading_time":"","footnotes":""},"class_list":["post-26","page","type-page","status-publish","has-post-thumbnail","hentry"],"jetpack_sharing_enabled":true,"_links":{"self":[{"href":"https:\/\/vivreauportugalconsulting.com\/fr_fr\/wp-json\/wp\/v2\/pages\/26","targetHints":{"allow":["GET"]}}],"collection":[{"href":"https:\/\/vivreauportugalconsulting.com\/fr_fr\/wp-json\/wp\/v2\/pages"}],"about":[{"href":"https:\/\/vivreauportugalconsulting.com\/fr_fr\/wp-json\/wp\/v2\/types\/page"}],"author":[{"embeddable":true,"href":"https:\/\/vivreauportugalconsulting.com\/fr_fr\/wp-json\/wp\/v2\/users\/1"}],"replies":[{"embeddable":true,"href":"https:\/\/vivreauportugalconsulting.com\/fr_fr\/wp-json\/wp\/v2\/comments?post=26"}],"version-history":[{"count":0,"href":"https:\/\/vivreauportugalconsulting.com\/fr_fr\/wp-json\/wp\/v2\/pages\/26\/revisions"}],"wp:featuredmedia":[{"embeddable":true,"href":"https:\/\/vivreauportugalconsulting.com\/fr_fr\/wp-json\/wp\/v2\/media\/9060"}],"wp:attachment":[{"href":"https:\/\/vivreauportugalconsulting.com\/fr_fr\/wp-json\/wp\/v2\/media?parent=26"}],"curies":[{"name":"wp","href":"https:\/\/api.w.org\/{rel}","templated":true}]}}