{"id":270,"date":"2016-01-04T15:51:03","date_gmt":"2016-01-04T15:51:03","guid":{"rendered":"http:\/\/vivreauportugalconsulting.com\/?page_id=270"},"modified":"2019-09-26T08:57:50","modified_gmt":"2019-09-26T07:57:50","slug":"service-de-sante-au-portugal","status":"publish","type":"page","link":"https:\/\/vivreauportugalconsulting.com\/fr_fr\/service-de-sante-au-portugal\/","title":{"rendered":"SERVICE DE SANT\u00c9 AU PORTUGAL POUR LES EXPATRIER"},"content":{"rendered":"\t\t<div data-elementor-type=\"wp-page\" data-elementor-id=\"270\" class=\"elementor elementor-270\" data-elementor-post-type=\"page\">\n\t\t\t\t\t\t<section class=\"elementor-section elementor-top-section elementor-element elementor-element-1421e056 elementor-section-height-min-height elementor-section-content-middle elementor-reverse-mobile elementor-section-items-stretch elementor-section-boxed elementor-section-height-default\" data-id=\"1421e056\" data-element_type=\"section\" data-e-type=\"section\" data-settings=\"{&quot;background_background&quot;:&quot;classic&quot;}\">\n\t\t\t\t\t\t\t<div class=\"elementor-background-overlay\"><\/div>\n\t\t\t\t\t\t\t<div class=\"elementor-container elementor-column-gap-default\">\n\t\t\t\t\t<div class=\"elementor-column elementor-col-100 elementor-top-column elementor-element elementor-element-5c0fd6fa\" data-id=\"5c0fd6fa\" data-element_type=\"column\" data-e-type=\"column\">\n\t\t\t<div class=\"elementor-widget-wrap elementor-element-populated\">\n\t\t\t\t\t\t<div class=\"elementor-element elementor-element-3557b62f elementor-invisible elementor-widget elementor-widget-heading\" data-id=\"3557b62f\" data-element_type=\"widget\" data-e-type=\"widget\" data-settings=\"{&quot;_animation&quot;:&quot;slideInRight&quot;}\" data-widget_type=\"heading.default\">\n\t\t\t\t<div class=\"elementor-widget-container\">\n\t\t\t\t\t<h2 class=\"elementor-heading-title elementor-size-default\">Service de sant\u00e9 au Portugal <\/h2>\t\t\t\t<\/div>\n\t\t\t\t<\/div>\n\t\t\t\t<div class=\"elementor-element elementor-element-679a96ba elementor-widget-divider--view-line elementor-invisible elementor-widget elementor-widget-divider\" data-id=\"679a96ba\" data-element_type=\"widget\" data-e-type=\"widget\" data-settings=\"{&quot;_animation&quot;:&quot;slideInLeft&quot;}\" data-widget_type=\"divider.default\">\n\t\t\t\t<div class=\"elementor-widget-container\">\n\t\t\t\t\t\t\t<div class=\"elementor-divider\">\n\t\t\t<span class=\"elementor-divider-separator\">\n\t\t\t\t\t\t<\/span>\n\t\t<\/div>\n\t\t\t\t\t\t<\/div>\n\t\t\t\t<\/div>\n\t\t\t\t\t<\/div>\n\t\t<\/div>\n\t\t\t\t<div class=\"elementor-column elementor-col-100 elementor-top-column elementor-element elementor-element-1b43b980\" data-id=\"1b43b980\" data-element_type=\"column\" data-e-type=\"column\">\n\t\t\t<div class=\"elementor-widget-wrap elementor-element-populated\">\n\t\t\t\t\t\t<div class=\"elementor-element elementor-element-6f636ced elementor-widget elementor-widget-spacer\" data-id=\"6f636ced\" data-element_type=\"widget\" data-e-type=\"widget\" data-widget_type=\"spacer.default\">\n\t\t\t\t<div class=\"elementor-widget-container\">\n\t\t\t\t\t\t\t<div class=\"elementor-spacer\">\n\t\t\t<div class=\"elementor-spacer-inner\"><\/div>\n\t\t<\/div>\n\t\t\t\t\t\t<\/div>\n\t\t\t\t<\/div>\n\t\t\t\t\t<\/div>\n\t\t<\/div>\n\t\t\t\t\t<\/div>\n\t\t<\/section>\n\t\t\t\t<section class=\"elementor-section elementor-top-section elementor-element elementor-element-409b5bbb elementor-section-boxed elementor-section-height-default elementor-section-height-default\" data-id=\"409b5bbb\" data-element_type=\"section\" data-e-type=\"section\" data-settings=\"{&quot;background_background&quot;:&quot;classic&quot;}\">\n\t\t\t\t\t\t<div class=\"elementor-container elementor-column-gap-default\">\n\t\t\t\t\t<div class=\"elementor-column elementor-col-50 elementor-top-column elementor-element elementor-element-3e800cc5\" data-id=\"3e800cc5\" data-element_type=\"column\" data-e-type=\"column\">\n\t\t\t<div class=\"elementor-widget-wrap elementor-element-populated\">\n\t\t\t\t\t\t<div class=\"elementor-element elementor-element-13db056f elementor-widget elementor-widget-heading\" data-id=\"13db056f\" data-element_type=\"widget\" data-e-type=\"widget\" data-widget_type=\"heading.default\">\n\t\t\t\t<div class=\"elementor-widget-container\">\n\t\t\t\t\t<h2 class=\"elementor-heading-title elementor-size-default\">Sant\u00e9 au Portugal<\/h2>\t\t\t\t<\/div>\n\t\t\t\t<\/div>\n\t\t\t\t<div class=\"elementor-element elementor-element-184b99d4 elementor-widget elementor-widget-text-editor\" data-id=\"184b99d4\" data-element_type=\"widget\" data-e-type=\"widget\" data-widget_type=\"text-editor.default\">\n\t\t\t\t<div class=\"elementor-widget-container\">\n\t\t\t\t\t\t\t\t\t<p>Les services de sant\u00e9 au\u00a0<a href=\"https:\/\/portobeautiful.com\/\" target=\"_blank\" rel=\"noreferrer noopener\" aria-label=\"Portugal (opens in a new tab)\">Portugal<\/a>, le service national de sant\u00e9 s\u2019occupent des services de s\u00e9curit\u00e9s sociales. Outre le service public, il existe bien entendu des\u00a0\u00e9tablissements de sant\u00e9 priv\u00e9s.<\/p>\n<p>Au Portugal, des unit\u00e9s de soins modernes sont pr\u00e9sentes dans tous les services hospitaliers. R\u00e9parties g\u00e9ographiquement dans tout\u00a0le pays, bien entendu les principales compagnies d\u2019assurances internationales sont affili\u00e9es avec les services de soins.<\/p>\n<p>Afin d\u2019accueillir le mieux possible les patients de nationalit\u00e9\u00a0\u00e9trang\u00e8re. Les services de soins ont mis en place des services d\u2019accueil et d\u2019accompagnement\u00a0bilingue\u00a0(anglais \u2013 portugais), de fa\u00e7on \u00e0 faciliter\u00a0les \u00e9changes. \u00a0<\/p>\n<h3><strong>A qui s\u2019adresser:<\/strong><\/h3>\n<p>Si vous avez besoin de recourir au Service national de Sant\u00e9. Sachez que vous pouvez obtenir une assistance m\u00e9dicale au\u00a0centre de sant\u00e9\u00a0du lieu o\u00f9 vous vous trouvez. Dans les cas graves, vous pouvez recourir aux services d\u2019urgence des h\u00f4pitaux. En cas d\u2019accident ou d\u2019urgence, appelez le\u00a0Num\u00e9ro d\u2019appel d\u2019urgence\u00a0<strong>Europ\u00e9en 112<\/strong>.<\/p>\n<p>Il existe aussi une ligne d\u2019information, qui peut r\u00e9pondre \u00e0 vos questions au sujet de la sant\u00e9 \u2013 Ligne Sant\u00e9 24 : 808 24 24 24<\/p>\t\t\t\t\t\t\t\t<\/div>\n\t\t\t\t<\/div>\n\t\t\t\t<div class=\"elementor-element elementor-element-65ce3b61 elementor-widget-divider--view-line elementor-widget elementor-widget-divider\" data-id=\"65ce3b61\" data-element_type=\"widget\" data-e-type=\"widget\" data-widget_type=\"divider.default\">\n\t\t\t\t<div class=\"elementor-widget-container\">\n\t\t\t\t\t\t\t<div class=\"elementor-divider\">\n\t\t\t<span class=\"elementor-divider-separator\">\n\t\t\t\t\t\t<\/span>\n\t\t<\/div>\n\t\t\t\t\t\t<\/div>\n\t\t\t\t<\/div>\n\t\t\t\t\t<\/div>\n\t\t<\/div>\n\t\t\t\t<div class=\"elementor-column elementor-col-50 elementor-top-column elementor-element elementor-element-3085a20a\" data-id=\"3085a20a\" data-element_type=\"column\" data-e-type=\"column\">\n\t\t\t<div class=\"elementor-widget-wrap elementor-element-populated\">\n\t\t\t\t\t\t<div class=\"elementor-element elementor-element-26c2885b elementor-widget elementor-widget-image\" data-id=\"26c2885b\" data-element_type=\"widget\" data-e-type=\"widget\" data-widget_type=\"image.default\">\n\t\t\t\t<div class=\"elementor-widget-container\">\n\t\t\t\t\t\t\t\t\t\t\t\t\t\t\t<img fetchpriority=\"high\" decoding=\"async\" width=\"1024\" height=\"542\" src=\"https:\/\/i0.wp.com\/vivreauportugalconsulting.com\/wp-content\/uploads\/2019\/08\/service-de-sante-portugal.jpg?fit=1024%2C542&amp;ssl=1\" class=\"attachment-large size-large wp-image-5981\" alt=\"service de sant\u00e9 au Portugal\" srcset=\"https:\/\/i0.wp.com\/vivreauportugalconsulting.com\/wp-content\/uploads\/2019\/08\/service-de-sante-portugal.jpg?w=1700&amp;ssl=1 1700w, https:\/\/i0.wp.com\/vivreauportugalconsulting.com\/wp-content\/uploads\/2019\/08\/service-de-sante-portugal.jpg?resize=275%2C146&amp;ssl=1 275w, https:\/\/i0.wp.com\/vivreauportugalconsulting.com\/wp-content\/uploads\/2019\/08\/service-de-sante-portugal.jpg?resize=650%2C344&amp;ssl=1 650w, https:\/\/i0.wp.com\/vivreauportugalconsulting.com\/wp-content\/uploads\/2019\/08\/service-de-sante-portugal.jpg?resize=1024%2C542&amp;ssl=1 1024w\" sizes=\"(max-width: 1024px) 100vw, 1024px\" \/>\t\t\t\t\t\t\t\t\t\t\t\t\t\t\t<\/div>\n\t\t\t\t<\/div>\n\t\t\t\t<section class=\"elementor-section elementor-inner-section elementor-element elementor-element-4431687d elementor-section-boxed elementor-section-height-default elementor-section-height-default\" data-id=\"4431687d\" data-element_type=\"section\" data-e-type=\"section\">\n\t\t\t\t\t\t<div class=\"elementor-container elementor-column-gap-default\">\n\t\t\t\t\t<div class=\"elementor-column elementor-col-50 elementor-inner-column elementor-element elementor-element-630910d0\" data-id=\"630910d0\" data-element_type=\"column\" data-e-type=\"column\">\n\t\t\t<div class=\"elementor-widget-wrap elementor-element-populated\">\n\t\t\t\t\t\t\t<\/div>\n\t\t<\/div>\n\t\t\t\t<div class=\"elementor-column elementor-col-50 elementor-inner-column elementor-element elementor-element-52efe2f5\" data-id=\"52efe2f5\" data-element_type=\"column\" data-e-type=\"column\">\n\t\t\t<div class=\"elementor-widget-wrap\">\n\t\t\t\t\t\t\t<\/div>\n\t\t<\/div>\n\t\t\t\t\t<\/div>\n\t\t<\/section>\n\t\t\t\t<div class=\"elementor-element elementor-element-918ce73 elementor-widget elementor-widget-heading\" data-id=\"918ce73\" data-element_type=\"widget\" data-e-type=\"widget\" data-widget_type=\"heading.default\">\n\t\t\t\t<div class=\"elementor-widget-container\">\n\t\t\t\t\t<h3 class=\"elementor-heading-title elementor-size-default\">Assurance maladie<\/h3>\t\t\t\t<\/div>\n\t\t\t\t<\/div>\n\t\t\t\t<div class=\"elementor-element elementor-element-a3d1f56 elementor-widget elementor-widget-text-editor\" data-id=\"a3d1f56\" data-element_type=\"widget\" data-e-type=\"widget\" data-widget_type=\"text-editor.default\">\n\t\t\t\t<div class=\"elementor-widget-container\">\n\t\t\t\t\t\t\t\t\t<h3><strong style=\"font-size: 18px; font-family: &quot;PT Sans&quot;, sans-serif;\">Bon \u00e0 savoir:<\/strong><span style=\"font-size: 18px; font-family: &quot;PT Sans&quot;, sans-serif;\">&nbsp;Vous \u00eates retrait\u00e9, vous pouvez transf\u00e9rer votre couverture maladie.<\/span><br><\/h3>\n<p>Vous ne&nbsp;percevez aucune pension de retraite ni revenu dans votre&nbsp;nouveau&nbsp;pays de r\u00e9sidence, deux situations sont possibles:<\/p>\n<ul>\n<li>Votre retraite provient&nbsp;d\u2019un autre pays de l\u2019UE: vous relevez alors du syst\u00e8me d\u2019assurance maladie de ce pays;<\/li>\n<li>vous percevez une retraite de&nbsp;plusieurs pays de l\u2019UE. Vous relevez alors du syst\u00e8me d\u2019assurance maladie du pays dans lequel vous avez \u00e9t\u00e9 assur\u00e9 le plus longtemps.<\/li>\n<\/ul>\n<p>Si vous rentrez dans une de ces deux cat\u00e9gories. Vous devrez&nbsp;alors obtenir une attestation donnant droit aux&nbsp;prestations de sant\u00e9.<\/p>\n<p>Vous et les membres de votre famille n\u2019avez le droit \u00e0 une couverture m\u00e9dicale compl\u00e8te que dans votre pays de r\u00e9sidence. Certains pays&nbsp;offrent \u00e9galement une couverture m\u00e9dicale compl\u00e8te sur leur territoire aux retrait\u00e9s r\u00e9sidant \u00e0 l\u2019\u00e9tranger. Mais affili\u00e9s \u00e0 leur syst\u00e8me de s\u00e9curit\u00e9 sociale.<\/p>\t\t\t\t\t\t\t\t<\/div>\n\t\t\t\t<\/div>\n\t\t\t\t\t<\/div>\n\t\t<\/div>\n\t\t\t\t\t<\/div>\n\t\t<\/section>\n\t\t\t\t<section class=\"elementor-section elementor-top-section elementor-element elementor-element-786cf039 elementor-section-content-middle elementor-section-boxed elementor-section-height-default elementor-section-height-default\" data-id=\"786cf039\" data-element_type=\"section\" data-e-type=\"section\">\n\t\t\t\t\t\t<div class=\"elementor-container elementor-column-gap-default\">\n\t\t\t\t\t<div class=\"elementor-column elementor-col-50 elementor-top-column elementor-element elementor-element-395e1a83\" data-id=\"395e1a83\" data-element_type=\"column\" data-e-type=\"column\">\n\t\t\t<div class=\"elementor-widget-wrap elementor-element-populated\">\n\t\t\t\t\t\t<div class=\"elementor-element elementor-element-3b4e3927 elementor-widget elementor-widget-testimonial\" data-id=\"3b4e3927\" data-element_type=\"widget\" data-e-type=\"widget\" data-widget_type=\"testimonial.default\">\n\t\t\t\t<div class=\"elementor-widget-container\">\n\t\t\t\t\t\t\t<div class=\"elementor-testimonial-wrapper\">\n\t\t\t\t\t\t\t<div class=\"elementor-testimonial-content\">Besoins d'informations compl\u00e9mentaires, prenez contact avec notre \u00e9quipe <\/div>\n\t\t\t\n\t\t\t\t\t<\/div>\n\t\t\t\t\t\t<\/div>\n\t\t\t\t<\/div>\n\t\t\t\t\t<\/div>\n\t\t<\/div>\n\t\t\t\t<div class=\"elementor-column elementor-col-50 elementor-top-column elementor-element elementor-element-708382a0\" data-id=\"708382a0\" data-element_type=\"column\" data-e-type=\"column\">\n\t\t\t<div class=\"elementor-widget-wrap elementor-element-populated\">\n\t\t\t\t\t\t<div class=\"elementor-element elementor-element-7d634ab6 elementor-align-center elementor-widget elementor-widget-button\" data-id=\"7d634ab6\" data-element_type=\"widget\" data-e-type=\"widget\" data-widget_type=\"button.default\">\n\t\t\t\t<div class=\"elementor-widget-container\">\n\t\t\t\t\t\t\t\t\t<div class=\"elementor-button-wrapper\">\n\t\t\t\t\t<a class=\"elementor-button elementor-button-link elementor-size-lg\" href=\"https:\/\/vivreauportugalconsulting.com\/contact-vivreau-portugal\/\">\n\t\t\t\t\t\t<span class=\"elementor-button-content-wrapper\">\n\t\t\t\t\t\t<span class=\"elementor-button-icon\">\n\t\t\t\t<i aria-hidden=\"true\" class=\"far fa-envelope\"><\/i>\t\t\t<\/span>\n\t\t\t\t\t\t\t\t\t<span class=\"elementor-button-text\">Contactez-nous<\/span>\n\t\t\t\t\t<\/span>\n\t\t\t\t\t<\/a>\n\t\t\t\t<\/div>\n\t\t\t\t\t\t\t\t<\/div>\n\t\t\t\t<\/div>\n\t\t\t\t\t<\/div>\n\t\t<\/div>\n\t\t\t\t\t<\/div>\n\t\t<\/section>\n\t\t\t\t<section class=\"elementor-section elementor-top-section elementor-element elementor-element-20882a73 elementor-section-boxed elementor-section-height-default elementor-section-height-default\" data-id=\"20882a73\" data-element_type=\"section\" data-e-type=\"section\">\n\t\t\t\t\t\t<div class=\"elementor-container elementor-column-gap-default\">\n\t\t\t\t\t<div class=\"elementor-column elementor-col-100 elementor-top-column elementor-element elementor-element-22d6eb56\" data-id=\"22d6eb56\" data-element_type=\"column\" data-e-type=\"column\">\n\t\t\t<div class=\"elementor-widget-wrap elementor-element-populated\">\n\t\t\t\t\t\t<div class=\"elementor-element elementor-element-49202100 elementor-widget elementor-widget-spacer\" data-id=\"49202100\" data-element_type=\"widget\" data-e-type=\"widget\" data-widget_type=\"spacer.default\">\n\t\t\t\t<div class=\"elementor-widget-container\">\n\t\t\t\t\t\t\t<div class=\"elementor-spacer\">\n\t\t\t<div class=\"elementor-spacer-inner\"><\/div>\n\t\t<\/div>\n\t\t\t\t\t\t<\/div>\n\t\t\t\t<\/div>\n\t\t\t\t\t<\/div>\n\t\t<\/div>\n\t\t\t\t\t<\/div>\n\t\t<\/section>\n\t\t\t\t<\/div>\n\t\t","protected":false},"excerpt":{"rendered":"<p>Service de sant\u00e9 au Portugal Sant\u00e9 au Portugal Les services de sant\u00e9 au&nbsp;Portugal, le service national de sant\u00e9 s\u2019occupent des services de s\u00e9curit\u00e9s sociales. Outre le service public, il existe bien entendu des&nbsp;\u00e9tablissements de sant\u00e9 priv\u00e9s. Au Portugal, des unit\u00e9s de soins modernes sont pr\u00e9sentes dans tous les services hospitaliers. R\u00e9parties g\u00e9ographiquement dans tout&nbsp;le pays,&hellip;&nbsp;<a href=\"https:\/\/vivreauportugalconsulting.com\/fr_fr\/service-de-sante-au-portugal\/\" rel=\"bookmark\">Read More &raquo;<span class=\"screen-reader-text\">SERVICE DE SANT\u00c9 AU PORTUGAL POUR LES EXPATRIER<\/span><\/a><\/p>\n","protected":false},"author":1,"featured_media":5981,"parent":0,"menu_order":0,"comment_status":"closed","ping_status":"closed","template":"elementor_header_footer","meta":{"neve_meta_sidebar":"","neve_meta_container":"","neve_meta_enable_content_width":"","neve_meta_content_width":0,"neve_meta_title_alignment":"","neve_meta_author_avatar":"","neve_post_elements_order":"","neve_meta_disable_header":"","neve_meta_disable_footer":"","neve_meta_disable_title":"","neve_meta_reading_time":"","footnotes":""},"class_list":["post-270","page","type-page","status-publish","has-post-thumbnail","hentry"],"jetpack_sharing_enabled":true,"_links":{"self":[{"href":"https:\/\/vivreauportugalconsulting.com\/fr_fr\/wp-json\/wp\/v2\/pages\/270","targetHints":{"allow":["GET"]}}],"collection":[{"href":"https:\/\/vivreauportugalconsulting.com\/fr_fr\/wp-json\/wp\/v2\/pages"}],"about":[{"href":"https:\/\/vivreauportugalconsulting.com\/fr_fr\/wp-json\/wp\/v2\/types\/page"}],"author":[{"embeddable":true,"href":"https:\/\/vivreauportugalconsulting.com\/fr_fr\/wp-json\/wp\/v2\/users\/1"}],"replies":[{"embeddable":true,"href":"https:\/\/vivreauportugalconsulting.com\/fr_fr\/wp-json\/wp\/v2\/comments?post=270"}],"version-history":[{"count":0,"href":"https:\/\/vivreauportugalconsulting.com\/fr_fr\/wp-json\/wp\/v2\/pages\/270\/revisions"}],"wp:featuredmedia":[{"embeddable":true,"href":"https:\/\/vivreauportugalconsulting.com\/fr_fr\/wp-json\/wp\/v2\/media\/5981"}],"wp:attachment":[{"href":"https:\/\/vivreauportugalconsulting.com\/fr_fr\/wp-json\/wp\/v2\/media?parent=270"}],"curies":[{"name":"wp","href":"https:\/\/api.w.org\/{rel}","templated":true}]}}