{"id":29,"date":"2015-10-19T22:31:34","date_gmt":"2015-10-19T21:31:34","guid":{"rendered":"http:\/\/vivreauportugalconsulting.com\/?page_id=29"},"modified":"2020-02-17T09:11:52","modified_gmt":"2020-02-17T09:11:52","slug":"regime-fiscal-resident-non-habituel","status":"publish","type":"page","link":"https:\/\/vivreauportugalconsulting.com\/fr_fr\/regime-fiscal-resident-non-habituel\/","title":{"rendered":"R\u00c9GIME FISCAL DU R\u00c9SIDENT NON HABITUEL"},"content":{"rendered":"\t\t<div data-elementor-type=\"wp-page\" data-elementor-id=\"29\" class=\"elementor elementor-29\" data-elementor-post-type=\"page\">\n\t\t\t\t\t\t<section class=\"elementor-section elementor-top-section elementor-element elementor-element-65473cfb elementor-section-height-min-height elementor-section-content-middle elementor-reverse-mobile elementor-section-items-stretch elementor-section-boxed elementor-section-height-default\" data-id=\"65473cfb\" data-element_type=\"section\" data-e-type=\"section\" data-settings=\"{&quot;background_background&quot;:&quot;classic&quot;}\">\n\t\t\t\t\t\t\t<div class=\"elementor-background-overlay\"><\/div>\n\t\t\t\t\t\t\t<div class=\"elementor-container elementor-column-gap-default\">\n\t\t\t\t\t<div class=\"elementor-column elementor-col-100 elementor-top-column elementor-element elementor-element-48d6b108\" data-id=\"48d6b108\" data-element_type=\"column\" data-e-type=\"column\">\n\t\t\t<div class=\"elementor-widget-wrap elementor-element-populated\">\n\t\t\t\t\t\t<div class=\"elementor-element elementor-element-4fa55432 elementor-invisible elementor-widget elementor-widget-heading\" data-id=\"4fa55432\" data-element_type=\"widget\" data-e-type=\"widget\" data-settings=\"{&quot;_animation&quot;:&quot;slideInRight&quot;}\" data-widget_type=\"heading.default\">\n\t\t\t\t<div class=\"elementor-widget-container\">\n\t\t\t\t\t<h2 class=\"elementor-heading-title elementor-size-default\">R\u00e9gime fiscal r\u00e9sident non habituel au Portugal <\/h2>\t\t\t\t<\/div>\n\t\t\t\t<\/div>\n\t\t\t\t<div class=\"elementor-element elementor-element-5938c165 elementor-widget-divider--view-line elementor-invisible elementor-widget elementor-widget-divider\" data-id=\"5938c165\" data-element_type=\"widget\" data-e-type=\"widget\" data-settings=\"{&quot;_animation&quot;:&quot;slideInLeft&quot;}\" data-widget_type=\"divider.default\">\n\t\t\t\t<div class=\"elementor-widget-container\">\n\t\t\t\t\t\t\t<div class=\"elementor-divider\">\n\t\t\t<span class=\"elementor-divider-separator\">\n\t\t\t\t\t\t<\/span>\n\t\t<\/div>\n\t\t\t\t\t\t<\/div>\n\t\t\t\t<\/div>\n\t\t\t\t<div class=\"elementor-element elementor-element-2085770c elementor-widget elementor-widget-text-editor\" data-id=\"2085770c\" data-element_type=\"widget\" data-e-type=\"widget\" data-widget_type=\"text-editor.default\">\n\t\t\t\t<div class=\"elementor-widget-container\">\n\t\t\t\t\t\t\t\t\t<h4>Vous souhaitez am\u00e9liorer votre pouvoir d\u2019achat ? En payant moins d\u2019imp\u00f4ts ?<\/h4><p><strong>Le r\u00e9gime fiscal r\u00e9sident non habituel (RNH)<\/strong>\u00a0au Portugal a \u00e9t\u00e9 introduit en 2009. Dans le cadre du code fiscal de l&rsquo;investissement. Malgr\u00e9 les r\u00e9visions de la loi fiscale qui se suivent chaque ann\u00e9e, le r\u00e9gime fiscal des r\u00e9sidents non habituel est rest\u00e9 fid\u00e8le \u00e0 ces objectifs initiaux.<\/p><p>Ce r\u00e9gime fiscal permet \u00e0 certaines cat\u00e9gories d\u2019actifs de b\u00e9n\u00e9ficier d\u2019un taux d\u2019imposition r\u00e9duit \u00e0 20%. Quel que soit le montant de vos revenus. Ils permettent aux\u00a0retrait\u00e9s de b\u00e9n\u00e9ficier davantage fiscal\u00a0comp\u00e9titif par exemple une imposition au taux de\u00a0 10%. Sur certains revenus per\u00e7us \u00e0 l\u2019\u00e9tranger comme les retraites du\u00a0<span style=\"color: #ffffff;\"><a style=\"color: #ffffff;\" href=\"https:\/\/vivreauportugalconsulting.com\/nos-guides-expatriation\/\" target=\"_blank\" rel=\"noreferrer noopener\" aria-label=\" (opens in a new tab)\">secteur priv\u00e9<\/a><\/span>.<\/p>\t\t\t\t\t\t\t\t<\/div>\n\t\t\t\t<\/div>\n\t\t\t\t\t<\/div>\n\t\t<\/div>\n\t\t\t\t<div class=\"elementor-column elementor-col-100 elementor-top-column elementor-element elementor-element-738134b7\" data-id=\"738134b7\" data-element_type=\"column\" data-e-type=\"column\">\n\t\t\t<div class=\"elementor-widget-wrap elementor-element-populated\">\n\t\t\t\t\t\t<div class=\"elementor-element elementor-element-1fa6fa3 elementor-widget elementor-widget-spacer\" data-id=\"1fa6fa3\" data-element_type=\"widget\" data-e-type=\"widget\" data-widget_type=\"spacer.default\">\n\t\t\t\t<div class=\"elementor-widget-container\">\n\t\t\t\t\t\t\t<div class=\"elementor-spacer\">\n\t\t\t<div class=\"elementor-spacer-inner\"><\/div>\n\t\t<\/div>\n\t\t\t\t\t\t<\/div>\n\t\t\t\t<\/div>\n\t\t\t\t\t<\/div>\n\t\t<\/div>\n\t\t\t\t\t<\/div>\n\t\t<\/section>\n\t\t\t\t<section class=\"elementor-section elementor-top-section elementor-element elementor-element-28a95180 elementor-section-boxed elementor-section-height-default elementor-section-height-default\" data-id=\"28a95180\" data-element_type=\"section\" data-e-type=\"section\" data-settings=\"{&quot;background_background&quot;:&quot;classic&quot;}\">\n\t\t\t\t\t\t<div class=\"elementor-container elementor-column-gap-default\">\n\t\t\t\t\t<div class=\"elementor-column elementor-col-50 elementor-top-column elementor-element elementor-element-70d267ec\" data-id=\"70d267ec\" data-element_type=\"column\" data-e-type=\"column\">\n\t\t\t<div class=\"elementor-widget-wrap elementor-element-populated\">\n\t\t\t\t\t\t<div class=\"elementor-element elementor-element-747ec59 elementor-widget elementor-widget-heading\" data-id=\"747ec59\" data-element_type=\"widget\" data-e-type=\"widget\" data-widget_type=\"heading.default\">\n\t\t\t\t<div class=\"elementor-widget-container\">\n\t\t\t\t\t<h3 class=\"elementor-heading-title elementor-size-default\">Le r\u00e9gime fiscal r\u00e9sidents non habituels les origines<\/h3>\t\t\t\t<\/div>\n\t\t\t\t<\/div>\n\t\t\t\t<div class=\"elementor-element elementor-element-4a1deffb elementor-widget elementor-widget-text-editor\" data-id=\"4a1deffb\" data-element_type=\"widget\" data-e-type=\"widget\" data-widget_type=\"text-editor.default\">\n\t\t\t\t<div class=\"elementor-widget-container\">\n\t\t\t\t\t\t\t\t\t<p class=\"p1\"><span class=\"s1\">Le r\u00e9gime fiscal des \u00abnon-r\u00e9sidents habituel\u00bb est pr\u00e9vu dans le Code IRS. Il a \u00e9t\u00e9 introduit par D\u00e9cret-loi n \u00b0 249\/2009, du 23 Septembre, et compl\u00e9t\u00e9 par Ordonnance n \u00b0 12\/2010 du 7 janvier, dans le but d\u2019attirer au Portugal des professionnels qualifi\u00e9s, les investisseurs et les retrait\u00e9s \u00e9trangers.<\/span><\/p><p class=\"p1\"><span class=\"s1\">la plupart des <a href=\"https:\/\/vivreauportugalconsulting.com\/produit\/statut-resident-non-habituel-pour-les-actifs\/\">revenus gagn\u00e9s<\/a> \u00e0 l&rsquo;\u00e9tranger par les \u00abr\u00e9sidents non habituels\u00bb peuvent b\u00e9n\u00e9ficier d&rsquo;une exon\u00e9ration, au Portugal, \u00e0 condition de respecter certaines r\u00e8gles. Ainsi, les revenus du travail obtenu par un \u00abR\u00e9sidents non habituels\u00bb \u00e0 l\u2019\u00e9tranger peuvent b\u00e9n\u00e9ficier d&rsquo;une exon\u00e9ration, sous certaine conditions.<\/span><\/p>\t\t\t\t\t\t\t\t<\/div>\n\t\t\t\t<\/div>\n\t\t\t\t<div class=\"elementor-element elementor-element-c914361 elementor-widget elementor-widget-heading\" data-id=\"c914361\" data-element_type=\"widget\" data-e-type=\"widget\" data-widget_type=\"heading.default\">\n\t\t\t\t<div class=\"elementor-widget-container\">\n\t\t\t\t\t<h2 class=\"elementor-heading-title elementor-size-default\">Le statut de r\u00e9sident non habituel pour les retrait\u00e9s \u00e0 partir de 2020<\/h2>\t\t\t\t<\/div>\n\t\t\t\t<\/div>\n\t\t\t\t<div class=\"elementor-element elementor-element-922a7c7 elementor-widget elementor-widget-text-editor\" data-id=\"922a7c7\" data-element_type=\"widget\" data-e-type=\"widget\" data-widget_type=\"text-editor.default\">\n\t\t\t\t<div class=\"elementor-widget-container\">\n\t\t\t\t\t\t\t\t\t<p>Le 7 f\u00e9vrier 2020, le gouvernement a vot\u00e9 la r\u00e9forme du statut de r\u00e9sident non habituel pour les retrait\u00e9s \u00e9trangers. Celui-ci <span class=\"s1\">a d\u00e9cid\u00e9 de mettre en place un imp\u00f4t minimum de 10\u00a0%. Cette r\u00e9forme du statut de RNH rentrera en vigueur en 2021.\u00a0<\/span><\/p>\t\t\t\t\t\t\t\t<\/div>\n\t\t\t\t<\/div>\n\t\t\t\t<div class=\"elementor-element elementor-element-74207c3 elementor-widget-divider--view-line elementor-widget elementor-widget-divider\" data-id=\"74207c3\" data-element_type=\"widget\" data-e-type=\"widget\" data-widget_type=\"divider.default\">\n\t\t\t\t<div class=\"elementor-widget-container\">\n\t\t\t\t\t\t\t<div class=\"elementor-divider\">\n\t\t\t<span class=\"elementor-divider-separator\">\n\t\t\t\t\t\t<\/span>\n\t\t<\/div>\n\t\t\t\t\t\t<\/div>\n\t\t\t\t<\/div>\n\t\t\t\t<div class=\"elementor-element elementor-element-2411091 elementor-widget elementor-widget-text-editor\" data-id=\"2411091\" data-element_type=\"widget\" data-e-type=\"widget\" data-widget_type=\"text-editor.default\">\n\t\t\t\t<div class=\"elementor-widget-container\">\n\t\t\t\t\t\t\t\t\t<h3><strong>L\u2019imp\u00f4t sur le revenu au Portugal<\/strong><\/h3><p>L\u2019\u00e9quivalent de l\u2019imp\u00f4t sur le revenu fran\u00e7ais s\u2019appelle IRS (Imposto sobre o Rendimento das Pessoas Singulares). Il est acquitt\u00e9 par les salari\u00e9s et les retrait\u00e9s qui vivent au Portugal. Apr\u00e8s que ce soit \u00e9coul\u00e9, les 10 ann\u00e9es d\u2019exemption pr\u00e9vues par le r\u00e9gime fiscal r\u00e9sident non habituel (RNH), un actif se verra \u00e0 l\u2019IRS.<\/p><p><strong>L\u2019Imp\u00f4t sur la Fortune \u2013 ISF\u00a0<\/strong>L\u2019imp\u00f4t de Solidarit\u00e9 sur la Fortune (ISF) n\u2019existe pas au Portugal.<\/p><p><strong>\u00c0 titre d\u2019information le bar\u00e8me officiel des finances publiques pour le contribuable portugais.<\/strong><\/p><table class=\"wp-block-table\"><tbody><tr><td><strong>REVENUS ANNUEL<\/strong><\/td><td><strong>TAUX D&rsquo;IMPOSITIONS<\/strong><\/td><\/tr><tr><td>Moins de 7000\u20ac<\/td><td>14,5%<\/td><\/tr><tr><td>De 7000\u20ac \u00e0 20 000\u20ac<\/td><td>28,5%<\/td><\/tr><tr><td>De 20 000\u20ac \u00e0 40 000\u20ac<\/td><td>37%<\/td><\/tr><tr><td>De 40 000\u20ac \u00e0 80 000\u20ac<\/td><td>45%<\/td><\/tr><tr><td>Au-dessus de 80 000\u20ac<\/td><td>48%<\/td><\/tr><\/tbody><\/table>\t\t\t\t\t\t\t\t<\/div>\n\t\t\t\t<\/div>\n\t\t\t\t\t<\/div>\n\t\t<\/div>\n\t\t\t\t<div class=\"elementor-column elementor-col-50 elementor-top-column elementor-element elementor-element-440aadb5\" data-id=\"440aadb5\" data-element_type=\"column\" data-e-type=\"column\">\n\t\t\t<div class=\"elementor-widget-wrap elementor-element-populated\">\n\t\t\t\t\t\t<div class=\"elementor-element elementor-element-6f14965f elementor-widget elementor-widget-image\" data-id=\"6f14965f\" data-element_type=\"widget\" data-e-type=\"widget\" data-widget_type=\"image.default\">\n\t\t\t\t<div class=\"elementor-widget-container\">\n\t\t\t\t\t\t\t\t\t\t\t\t\t\t\t<img fetchpriority=\"high\" decoding=\"async\" width=\"1024\" height=\"542\" src=\"https:\/\/i0.wp.com\/vivreauportugalconsulting.com\/wp-content\/uploads\/2019\/09\/r%C3%A9gime-fiscal-des-r%C3%A9sidents-non-habituels.png?fit=1024%2C542&amp;ssl=1\" class=\"attachment-large size-large wp-image-6249\" alt=\"r\u00e9gime fiscal r\u00e9sident non habituel\" \/>\t\t\t\t\t\t\t\t\t\t\t\t\t\t\t<\/div>\n\t\t\t\t<\/div>\n\t\t\t\t<section class=\"elementor-section elementor-inner-section elementor-element elementor-element-225e4237 elementor-section-boxed elementor-section-height-default elementor-section-height-default\" data-id=\"225e4237\" data-element_type=\"section\" data-e-type=\"section\">\n\t\t\t\t\t\t<div class=\"elementor-container elementor-column-gap-default\">\n\t\t\t\t\t<div class=\"elementor-column elementor-col-50 elementor-inner-column elementor-element elementor-element-3e04b240\" data-id=\"3e04b240\" data-element_type=\"column\" data-e-type=\"column\">\n\t\t\t<div class=\"elementor-widget-wrap elementor-element-populated\">\n\t\t\t\t\t\t\t<\/div>\n\t\t<\/div>\n\t\t\t\t<div class=\"elementor-column elementor-col-50 elementor-inner-column elementor-element elementor-element-1c4df8a1\" data-id=\"1c4df8a1\" data-element_type=\"column\" data-e-type=\"column\">\n\t\t\t<div class=\"elementor-widget-wrap\">\n\t\t\t\t\t\t\t<\/div>\n\t\t<\/div>\n\t\t\t\t\t<\/div>\n\t\t<\/section>\n\t\t\t\t<div class=\"elementor-element elementor-element-e5c698b elementor-widget elementor-widget-heading\" data-id=\"e5c698b\" data-element_type=\"widget\" data-e-type=\"widget\" data-widget_type=\"heading.default\">\n\t\t\t\t<div class=\"elementor-widget-container\">\n\t\t\t\t\t<h3 class=\"elementor-heading-title elementor-size-default\">Revenus fiscal au Portugal<\/h3>\t\t\t\t<\/div>\n\t\t\t\t<\/div>\n\t\t\t\t<div class=\"elementor-element elementor-element-fca25cc elementor-widget elementor-widget-text-editor\" data-id=\"fca25cc\" data-element_type=\"widget\" data-e-type=\"widget\" data-widget_type=\"text-editor.default\">\n\t\t\t\t<div class=\"elementor-widget-container\">\n\t\t\t\t\t\t\t\t\t<p>Il est \u00e0 noter que certains revenus passifs peuvent \u00e9galement \u00eatre\u00a0<a href=\"https:\/\/vivreauportugalconsulting.com\/produit\/retraite-au-portugal-le-guide\/\">exon\u00e9r\u00e9s d\u2019imposition<\/a>\u00a0au <span style=\"color: #2c3e50;\"><a style=\"color: #2c3e50;\" href=\"https:\/\/agencelusofrancaiseimmobilier.com\/\" target=\"_blank\" rel=\"noopener\">Portugal<\/a> <\/span>sous certaines conditions li\u00e9 aux conventions fiscales entre les diff\u00e9rents pays.<\/p><p>Parmi les revenus passifs pouvant \u00eatre concern\u00e9s nous pouvons noter les int\u00e9r\u00eats, dividendes, autres revenus du capital et les revenus immobiliers ainsi que les plus-values de source \u00e9trang\u00e8re.<\/p><p>En ce qui concerne l\u2019imposition de l\u2019h\u00e9ritage, les transmissions \u00e0 titre gratuit effectu\u00e9es dans le cadre d\u2019un d\u00e9c\u00e8s ou d\u2019une donation sont exon\u00e9r\u00e9es de droit de timbre. Cependant sont concern\u00e9s les descendants ou les ascendants et les personnes mari\u00e9es. Pour cette raison, l\u2019exon\u00e9ration ne s\u2019applique toutefois pas aux biens immobiliers situ\u00e9s au Portugal.<\/p>\t\t\t\t\t\t\t\t<\/div>\n\t\t\t\t<\/div>\n\t\t\t\t<div class=\"elementor-element elementor-element-3b6ec9b elementor-align-center elementor-invisible elementor-widget elementor-widget-button\" data-id=\"3b6ec9b\" data-element_type=\"widget\" data-e-type=\"widget\" data-settings=\"{&quot;_animation&quot;:&quot;fadeInRight&quot;}\" data-widget_type=\"button.default\">\n\t\t\t\t<div class=\"elementor-widget-container\">\n\t\t\t\t\t\t\t\t\t<div class=\"elementor-button-wrapper\">\n\t\t\t\t\t<a class=\"elementor-button elementor-button-link elementor-size-xl elementor-animation-pulse\" href=\"https:\/\/vivreauportugalconsulting.com\/expatriation-au-portugal\/demande-de-rnh\/\">\n\t\t\t\t\t\t<span class=\"elementor-button-content-wrapper\">\n\t\t\t\t\t\t<span class=\"elementor-button-icon\">\n\t\t\t\t<i aria-hidden=\"true\" class=\"far fa-bookmark\"><\/i>\t\t\t<\/span>\n\t\t\t\t\t\t\t\t\t<span class=\"elementor-button-text\">FAITE VOTRE DEMANDE DE STATUT DE R\u00c9SIDENT NON HABITUEL<\/span>\n\t\t\t\t\t<\/span>\n\t\t\t\t\t<\/a>\n\t\t\t\t<\/div>\n\t\t\t\t\t\t\t\t<\/div>\n\t\t\t\t<\/div>\n\t\t\t\t\t<\/div>\n\t\t<\/div>\n\t\t\t\t\t<\/div>\n\t\t<\/section>\n\t\t\t\t<section class=\"elementor-section elementor-top-section elementor-element elementor-element-90d9916 elementor-section-content-middle elementor-section-boxed elementor-section-height-default elementor-section-height-default\" data-id=\"90d9916\" data-element_type=\"section\" data-e-type=\"section\">\n\t\t\t\t\t\t<div class=\"elementor-container elementor-column-gap-default\">\n\t\t\t\t\t<div class=\"elementor-column elementor-col-50 elementor-top-column elementor-element elementor-element-423e24b4\" data-id=\"423e24b4\" data-element_type=\"column\" data-e-type=\"column\">\n\t\t\t<div class=\"elementor-widget-wrap elementor-element-populated\">\n\t\t\t\t\t\t<div class=\"elementor-element elementor-element-3aa3c96 elementor-widget elementor-widget-testimonial\" data-id=\"3aa3c96\" data-element_type=\"widget\" data-e-type=\"widget\" data-widget_type=\"testimonial.default\">\n\t\t\t\t<div class=\"elementor-widget-container\">\n\t\t\t\t\t\t\t<div class=\"elementor-testimonial-wrapper\">\n\t\t\t\t\t\t\t<div class=\"elementor-testimonial-content\">Besoins d'informations compl\u00e9mentaires, prenez contact avec notre \u00e9quipe <\/div>\n\t\t\t\n\t\t\t\t\t<\/div>\n\t\t\t\t\t\t<\/div>\n\t\t\t\t<\/div>\n\t\t\t\t\t<\/div>\n\t\t<\/div>\n\t\t\t\t<div class=\"elementor-column elementor-col-50 elementor-top-column elementor-element elementor-element-49757048\" data-id=\"49757048\" data-element_type=\"column\" data-e-type=\"column\">\n\t\t\t<div class=\"elementor-widget-wrap elementor-element-populated\">\n\t\t\t\t\t\t<div class=\"elementor-element elementor-element-60004ac9 elementor-align-center elementor-widget elementor-widget-button\" data-id=\"60004ac9\" data-element_type=\"widget\" data-e-type=\"widget\" data-widget_type=\"button.default\">\n\t\t\t\t<div class=\"elementor-widget-container\">\n\t\t\t\t\t\t\t\t\t<div class=\"elementor-button-wrapper\">\n\t\t\t\t\t<a class=\"elementor-button elementor-button-link elementor-size-lg\" href=\"https:\/\/vivreauportugalconsulting.com\/contact-vivreau-portugal\/\">\n\t\t\t\t\t\t<span class=\"elementor-button-content-wrapper\">\n\t\t\t\t\t\t<span class=\"elementor-button-icon\">\n\t\t\t\t<i aria-hidden=\"true\" class=\"far fa-envelope\"><\/i>\t\t\t<\/span>\n\t\t\t\t\t\t\t\t\t<span class=\"elementor-button-text\">Contactez-nous<\/span>\n\t\t\t\t\t<\/span>\n\t\t\t\t\t<\/a>\n\t\t\t\t<\/div>\n\t\t\t\t\t\t\t\t<\/div>\n\t\t\t\t<\/div>\n\t\t\t\t\t<\/div>\n\t\t<\/div>\n\t\t\t\t\t<\/div>\n\t\t<\/section>\n\t\t\t\t<section class=\"elementor-section elementor-top-section elementor-element elementor-element-39a858fc elementor-section-boxed elementor-section-height-default elementor-section-height-default\" data-id=\"39a858fc\" data-element_type=\"section\" data-e-type=\"section\">\n\t\t\t\t\t\t<div class=\"elementor-container elementor-column-gap-default\">\n\t\t\t\t\t<div class=\"elementor-column elementor-col-100 elementor-top-column elementor-element elementor-element-59098c4\" data-id=\"59098c4\" data-element_type=\"column\" data-e-type=\"column\">\n\t\t\t<div class=\"elementor-widget-wrap elementor-element-populated\">\n\t\t\t\t\t\t<div class=\"elementor-element elementor-element-379e5eb2 elementor-widget elementor-widget-spacer\" data-id=\"379e5eb2\" data-element_type=\"widget\" data-e-type=\"widget\" data-widget_type=\"spacer.default\">\n\t\t\t\t<div class=\"elementor-widget-container\">\n\t\t\t\t\t\t\t<div class=\"elementor-spacer\">\n\t\t\t<div class=\"elementor-spacer-inner\"><\/div>\n\t\t<\/div>\n\t\t\t\t\t\t<\/div>\n\t\t\t\t<\/div>\n\t\t\t\t\t<\/div>\n\t\t<\/div>\n\t\t\t\t\t<\/div>\n\t\t<\/section>\n\t\t\t\t<\/div>\n\t\t","protected":false},"excerpt":{"rendered":"<p>Vous souhaitez am\u00e9liorer votre pouvoir d\u2019achat ? En payant moins d\u2019imp\u00f4ts ?<\/p>\n<p>Le statut de r\u00e9sidents non habituel (RNH) au Portugal a \u00e9t\u00e9 introduit en 2009. Dans le cadre du code fiscal de l\u2019investissement. Malgr\u00e9 les r\u00e9visions de la loi fiscale qui se suivent chaque ann\u00e9e. Le r\u00e9gime fiscal des r\u00e9sidents non habituel est rest\u00e9 fid\u00e8le \u00e0 ces objectifs initiaux.<\/p>\n<p>Ce r\u00e9gime fiscal permet \u00e0 certaines cat\u00e9gories d\u2019actifs de b\u00e9n\u00e9ficier d\u2019un taux d\u2019imposition r\u00e9duit \u00e0 20%.<\/p>\n","protected":false},"author":1,"featured_media":0,"parent":0,"menu_order":0,"comment_status":"closed","ping_status":"closed","template":"elementor_header_footer","meta":{"neve_meta_sidebar":"","neve_meta_container":"","neve_meta_enable_content_width":"","neve_meta_content_width":0,"neve_meta_title_alignment":"","neve_meta_author_avatar":"","neve_post_elements_order":"","neve_meta_disable_header":"","neve_meta_disable_footer":"","neve_meta_disable_title":"","neve_meta_reading_time":"","footnotes":""},"class_list":["post-29","page","type-page","status-publish","hentry"],"jetpack_sharing_enabled":true,"_links":{"self":[{"href":"https:\/\/vivreauportugalconsulting.com\/fr_fr\/wp-json\/wp\/v2\/pages\/29","targetHints":{"allow":["GET"]}}],"collection":[{"href":"https:\/\/vivreauportugalconsulting.com\/fr_fr\/wp-json\/wp\/v2\/pages"}],"about":[{"href":"https:\/\/vivreauportugalconsulting.com\/fr_fr\/wp-json\/wp\/v2\/types\/page"}],"author":[{"embeddable":true,"href":"https:\/\/vivreauportugalconsulting.com\/fr_fr\/wp-json\/wp\/v2\/users\/1"}],"replies":[{"embeddable":true,"href":"https:\/\/vivreauportugalconsulting.com\/fr_fr\/wp-json\/wp\/v2\/comments?post=29"}],"version-history":[{"count":0,"href":"https:\/\/vivreauportugalconsulting.com\/fr_fr\/wp-json\/wp\/v2\/pages\/29\/revisions"}],"wp:attachment":[{"href":"https:\/\/vivreauportugalconsulting.com\/fr_fr\/wp-json\/wp\/v2\/media?parent=29"}],"curies":[{"name":"wp","href":"https:\/\/api.w.org\/{rel}","templated":true}]}}