{"id":6176,"date":"2019-09-10T11:57:26","date_gmt":"2019-09-10T10:57:26","guid":{"rendered":"https:\/\/vivreauportugalconsulting.com\/?page_id=6176"},"modified":"2023-04-20T10:56:02","modified_gmt":"2023-04-20T09:56:02","slug":"le-portugal-2","status":"publish","type":"page","link":"https:\/\/vivreauportugalconsulting.com\/fr_fr\/le-portugal-2\/","title":{"rendered":"LE PORTUGAL"},"content":{"rendered":"\t\t<div data-elementor-type=\"wp-page\" data-elementor-id=\"6176\" class=\"elementor elementor-6176\" data-elementor-post-type=\"page\">\n\t\t\t\t\t\t<section class=\"elementor-section elementor-top-section elementor-element elementor-element-5fdb3303 elementor-section-height-min-height elementor-section-content-middle elementor-reverse-mobile elementor-section-items-stretch elementor-section-boxed elementor-section-height-default\" data-id=\"5fdb3303\" data-element_type=\"section\" data-e-type=\"section\" data-settings=\"{&quot;background_background&quot;:&quot;classic&quot;}\">\n\t\t\t\t\t\t\t<div class=\"elementor-background-overlay\"><\/div>\n\t\t\t\t\t\t\t<div class=\"elementor-container elementor-column-gap-default\">\n\t\t\t\t\t<div class=\"elementor-column elementor-col-100 elementor-top-column elementor-element elementor-element-57c3d6f2\" data-id=\"57c3d6f2\" data-element_type=\"column\" data-e-type=\"column\">\n\t\t\t<div class=\"elementor-widget-wrap elementor-element-populated\">\n\t\t\t\t\t\t<div class=\"elementor-element elementor-element-24bca769 elementor-invisible elementor-widget elementor-widget-heading\" data-id=\"24bca769\" data-element_type=\"widget\" data-e-type=\"widget\" data-settings=\"{&quot;_animation&quot;:&quot;slideInRight&quot;}\" data-widget_type=\"heading.default\">\n\t\t\t\t<div class=\"elementor-widget-container\">\n\t\t\t\t\t<h2 class=\"elementor-heading-title elementor-size-default\">Le Portugal<\/h2>\t\t\t\t<\/div>\n\t\t\t\t<\/div>\n\t\t\t\t<div class=\"elementor-element elementor-element-4e1e611 elementor-widget-divider--view-line elementor-invisible elementor-widget elementor-widget-divider\" data-id=\"4e1e611\" data-element_type=\"widget\" data-e-type=\"widget\" data-settings=\"{&quot;_animation&quot;:&quot;slideInLeft&quot;}\" data-widget_type=\"divider.default\">\n\t\t\t\t<div class=\"elementor-widget-container\">\n\t\t\t\t\t\t\t<div class=\"elementor-divider\">\n\t\t\t<span class=\"elementor-divider-separator\">\n\t\t\t\t\t\t<\/span>\n\t\t<\/div>\n\t\t\t\t\t\t<\/div>\n\t\t\t\t<\/div>\n\t\t\t\t<div class=\"elementor-element elementor-element-7a3858c0 elementor-widget elementor-widget-text-editor\" data-id=\"7a3858c0\" data-element_type=\"widget\" data-e-type=\"widget\" data-widget_type=\"text-editor.default\">\n\t\t\t\t<div class=\"elementor-widget-container\">\n\t\t\t\t\t\t\t\t\t<p>Le Portugal attire chaque ann\u00e9e de plus en plus de visiteurs venus des quatre coins de l\u2019Europe.\u00a0Alors pourquoi pas vous ?<\/p>\t\t\t\t\t\t\t\t<\/div>\n\t\t\t\t<\/div>\n\t\t\t\t\t<\/div>\n\t\t<\/div>\n\t\t\t\t<div class=\"elementor-column elementor-col-100 elementor-top-column elementor-element elementor-element-6cf2b996\" data-id=\"6cf2b996\" data-element_type=\"column\" data-e-type=\"column\">\n\t\t\t<div class=\"elementor-widget-wrap elementor-element-populated\">\n\t\t\t\t\t\t<div class=\"elementor-element elementor-element-e8b5d4e elementor-widget elementor-widget-spacer\" data-id=\"e8b5d4e\" data-element_type=\"widget\" data-e-type=\"widget\" data-widget_type=\"spacer.default\">\n\t\t\t\t<div class=\"elementor-widget-container\">\n\t\t\t\t\t\t\t<div class=\"elementor-spacer\">\n\t\t\t<div class=\"elementor-spacer-inner\"><\/div>\n\t\t<\/div>\n\t\t\t\t\t\t<\/div>\n\t\t\t\t<\/div>\n\t\t\t\t\t<\/div>\n\t\t<\/div>\n\t\t\t\t\t<\/div>\n\t\t<\/section>\n\t\t\t\t<section class=\"elementor-section elementor-top-section elementor-element elementor-element-4d732803 elementor-section-boxed elementor-section-height-default elementor-section-height-default\" data-id=\"4d732803\" data-element_type=\"section\" data-e-type=\"section\" data-settings=\"{&quot;background_background&quot;:&quot;classic&quot;}\">\n\t\t\t\t\t\t<div class=\"elementor-container elementor-column-gap-default\">\n\t\t\t\t\t<div class=\"elementor-column elementor-col-50 elementor-top-column elementor-element elementor-element-7addbaa8\" data-id=\"7addbaa8\" data-element_type=\"column\" data-e-type=\"column\">\n\t\t\t<div class=\"elementor-widget-wrap elementor-element-populated\">\n\t\t\t\t\t\t<div class=\"elementor-element elementor-element-3167dadf elementor-widget elementor-widget-heading\" data-id=\"3167dadf\" data-element_type=\"widget\" data-e-type=\"widget\" data-widget_type=\"heading.default\">\n\t\t\t\t<div class=\"elementor-widget-container\">\n\t\t\t\t\t<h2 class=\"elementor-heading-title elementor-size-default\">Le Portugal un beau pays <\/h2>\t\t\t\t<\/div>\n\t\t\t\t<\/div>\n\t\t\t\t<div class=\"elementor-element elementor-element-46d8dee0 elementor-widget elementor-widget-text-editor\" data-id=\"46d8dee0\" data-element_type=\"widget\" data-e-type=\"widget\" data-widget_type=\"text-editor.default\">\n\t\t\t\t<div class=\"elementor-widget-container\">\n\t\t\t\t\t\t\t\t\t<p>Ayant ses\u00a0<a href=\"https:\/\/alfimmobilier.com\/\" target=\"_blank\" rel=\"noreferrer noopener\" aria-label=\"fronti\u00e8res (opens in a new tab)\">fronti\u00e8res<\/a>\u00a0g\u00e9ographiques bien d\u00e9finies depuis presque neuf si\u00e8cles, le Portugal connait un r\u00e9gime parlementaire d\u00e9mocratique avec une stabilit\u00e9 politique.<\/p>\n<p><strong>Le Portugal<\/strong>\u00a0est membre de l\u2019Union europ\u00e9enne depuis 26 ans, il fait partie du syst\u00e8me mon\u00e9taire europ\u00e9en et utilise la monnaie unique europ\u00e9enne. Selon la Banque mondiale, le Portugal est la 43e grande \u00e9conomie du monde, avec l\u2019un des meilleurs\u00a0<a href=\"https:\/\/vivreauportugalconsulting.com\/le-deficit-public-du-portugal\/\"><strong>taux de croissance du PIB<\/strong><\/a>\u00a0des 40 derni\u00e8res ann\u00e9es, parmi les pays de l\u2019OCDE.<\/p>\n<p><strong>Le Portugal\u00a0est le 17e pays le plus pacifique du monde, sur un \u00e9chantillon de 153 pays (Global Peace Index 2011), et il occupe la 32e place parmi 182 pays class\u00e9s par l\u2019organisation Transparency\u00a0<\/strong>internationale (Indice de perception de la corruption 2011 ).<\/p>\n<h3><strong>Le climat<\/strong><\/h3>\n<p>Dans l\u2019ensemble, nous avons des hivers doux et des \u00e9t\u00e9s secs et chauds. Saviez-vous que le nombre d\u2019heures de soleil arrive \u00e0 atteindre les 3300 au sud du pays et 1\u2009600 au nord, ce qui correspond aux chiffres les plus \u00e9lev\u00e9s en Europe?<\/p>\n<h3><strong>Les Portugais<\/strong><\/h3>\n<p>Les Portugais sont sympathiques et accueillants. Ils savent bien recevoir tous les visiteurs, quelle que soit leur origine. Et en r\u00e9alit\u00e9, ceux-ci viennent de diff\u00e9rents coins du monde, vu que le pays est situ\u00e9 sur la c\u00f4te ouest de l\u2019Europe, \u00e9tant donc une porte d\u2019entr\u00e9e dans l\u2019espace Schengen. Une grande partie de la population sait parler des langues \u00e9trang\u00e8res, notamment l\u2019anglais.<\/p>\t\t\t\t\t\t\t\t<\/div>\n\t\t\t\t<\/div>\n\t\t\t\t<div class=\"elementor-element elementor-element-42230f14 elementor-widget-divider--view-line elementor-widget elementor-widget-divider\" data-id=\"42230f14\" data-element_type=\"widget\" data-e-type=\"widget\" data-widget_type=\"divider.default\">\n\t\t\t\t<div class=\"elementor-widget-container\">\n\t\t\t\t\t\t\t<div class=\"elementor-divider\">\n\t\t\t<span class=\"elementor-divider-separator\">\n\t\t\t\t\t\t<\/span>\n\t\t<\/div>\n\t\t\t\t\t\t<\/div>\n\t\t\t\t<\/div>\n\t\t\t\t\t<\/div>\n\t\t<\/div>\n\t\t\t\t<div class=\"elementor-column elementor-col-50 elementor-top-column elementor-element elementor-element-230b65a9\" data-id=\"230b65a9\" data-element_type=\"column\" data-e-type=\"column\">\n\t\t\t<div class=\"elementor-widget-wrap elementor-element-populated\">\n\t\t\t\t\t\t<div class=\"elementor-element elementor-element-37883ef1 elementor-widget elementor-widget-image\" data-id=\"37883ef1\" data-element_type=\"widget\" data-e-type=\"widget\" data-widget_type=\"image.default\">\n\t\t\t\t<div class=\"elementor-widget-container\">\n\t\t\t\t\t\t\t\t\t\t\t\t\t\t\t<img fetchpriority=\"high\" decoding=\"async\" width=\"1024\" height=\"768\" src=\"https:\/\/i0.wp.com\/vivreauportugalconsulting.com\/wp-content\/uploads\/2015\/10\/DSC00088-scaled.jpg?fit=1024%2C768&amp;ssl=1\" class=\"attachment-large size-large wp-image-5\" alt=\"expatriation au portugal\" srcset=\"https:\/\/i0.wp.com\/vivreauportugalconsulting.com\/wp-content\/uploads\/2015\/10\/DSC00088-scaled.jpg?w=2560&amp;ssl=1 2560w, https:\/\/i0.wp.com\/vivreauportugalconsulting.com\/wp-content\/uploads\/2015\/10\/DSC00088-scaled.jpg?resize=275%2C206&amp;ssl=1 275w, https:\/\/i0.wp.com\/vivreauportugalconsulting.com\/wp-content\/uploads\/2015\/10\/DSC00088-scaled.jpg?resize=300%2C225&amp;ssl=1 300w, https:\/\/i0.wp.com\/vivreauportugalconsulting.com\/wp-content\/uploads\/2015\/10\/DSC00088-scaled.jpg?resize=1024%2C768&amp;ssl=1 1024w, https:\/\/i0.wp.com\/vivreauportugalconsulting.com\/wp-content\/uploads\/2015\/10\/DSC00088-scaled.jpg?w=2400&amp;ssl=1 2400w\" sizes=\"(max-width: 1024px) 100vw, 1024px\" \/>\t\t\t\t\t\t\t\t\t\t\t\t\t\t\t<\/div>\n\t\t\t\t<\/div>\n\t\t\t\t<section class=\"elementor-section elementor-inner-section elementor-element elementor-element-7d74a82a elementor-section-boxed elementor-section-height-default elementor-section-height-default\" data-id=\"7d74a82a\" data-element_type=\"section\" data-e-type=\"section\">\n\t\t\t\t\t\t<div class=\"elementor-container elementor-column-gap-default\">\n\t\t\t\t\t<div class=\"elementor-column elementor-col-50 elementor-inner-column elementor-element elementor-element-156b0ab5\" data-id=\"156b0ab5\" data-element_type=\"column\" data-e-type=\"column\">\n\t\t\t<div class=\"elementor-widget-wrap elementor-element-populated\">\n\t\t\t\t\t\t\t<\/div>\n\t\t<\/div>\n\t\t\t\t<div class=\"elementor-column elementor-col-50 elementor-inner-column elementor-element elementor-element-76ba352b\" data-id=\"76ba352b\" data-element_type=\"column\" data-e-type=\"column\">\n\t\t\t<div class=\"elementor-widget-wrap\">\n\t\t\t\t\t\t\t<\/div>\n\t\t<\/div>\n\t\t\t\t\t<\/div>\n\t\t<\/section>\n\t\t\t\t<div class=\"elementor-element elementor-element-67db39db elementor-widget elementor-widget-text-editor\" data-id=\"67db39db\" data-element_type=\"widget\" data-e-type=\"widget\" data-widget_type=\"text-editor.default\">\n\t\t\t\t<div class=\"elementor-widget-container\">\n\t\t\t\t\t\t\t\t\t<h3><strong>Le Portugal en quelques mots et chiffres<\/strong><\/h3>\n<ul>\n<li>Nombre d\u2019habitants : 10,5 millions dont 2,6 millions dans la r\u00e9gion de Lisbonne<\/li>\n<li>Taille du Pays\u00a0: 92090 km2, avec 850 km de c\u00f4tes<\/li>\n<li>Capitale\u00a0: Lisbonne<\/li>\n<li>Religion\u00a0: Catholique pour une tr\u00e8s large majorit\u00e9 des habitants<\/li>\n<li>S\u00e9curit\u00e9 : C\u2019est le 18e pays le plus pacifique (Global Peace Index 2014)<\/li>\n<li>Fuseau horaire : 1 heure en moins de d\u00e9calage avec la France<\/li>\n<li>Les principales villes sont\u00a0: Lisbonne, Porto, Coimbra, Setubal et Faro.<\/li>\n<li>Le Portugal est Membre de l\u2019Union europ\u00e9enne depuis 1986.<\/li>\n<li>PIB\u00a0annuel\u00a0: 153.6 Milliards d\u2019Euros (chiffres 2013 \u2013 Source Pordata)<\/li>\n<li>Communaut\u00e9 fran\u00e7aise au Portugal : on estime qu\u2019environ 50 000 Fran\u00e7ais vivent au Portugal (chiffre 2017)<\/li>\n<li>20 000 Fran\u00e7ais sont attendus \u00e0 l\u2019horizon 2018.<\/li>\n<\/ul>\t\t\t\t\t\t\t\t<\/div>\n\t\t\t\t<\/div>\n\t\t\t\t\t<\/div>\n\t\t<\/div>\n\t\t\t\t\t<\/div>\n\t\t<\/section>\n\t\t\t\t<section class=\"elementor-section elementor-top-section elementor-element elementor-element-2d7bcfb9 elementor-section-content-middle elementor-section-boxed elementor-section-height-default elementor-section-height-default\" data-id=\"2d7bcfb9\" data-element_type=\"section\" data-e-type=\"section\">\n\t\t\t\t\t\t<div class=\"elementor-container elementor-column-gap-no\">\n\t\t\t\t\t<div class=\"elementor-column elementor-col-50 elementor-top-column elementor-element elementor-element-6192b8c6\" data-id=\"6192b8c6\" data-element_type=\"column\" data-e-type=\"column\">\n\t\t\t<div class=\"elementor-widget-wrap\">\n\t\t\t\t\t\t\t<\/div>\n\t\t<\/div>\n\t\t\t\t<div class=\"elementor-column elementor-col-50 elementor-top-column elementor-element elementor-element-69c19b3e\" data-id=\"69c19b3e\" data-element_type=\"column\" data-e-type=\"column\">\n\t\t\t<div class=\"elementor-widget-wrap elementor-element-populated\">\n\t\t\t\t\t\t<div class=\"elementor-element elementor-element-6b78dc7e elementor-widget elementor-widget-text-editor\" data-id=\"6b78dc7e\" data-element_type=\"widget\" data-e-type=\"widget\" data-widget_type=\"text-editor.default\">\n\t\t\t\t<div class=\"elementor-widget-container\">\n\t\t\t\t\t\t\t\t\t<p><span style=\"color: #0e3347;\"><em>En 2010, l\u2019Euroepan Consumers Choice Awards a consid\u00e9r\u00e9 Lisbonne (capitale du pays) comme la \u00ab Meilleure destination\u00a02010 \u00bb et, en 2011, elle a \u00e9t\u00e9 \u00e9lue l\u2019une des 42 meilleures villes du monde offrant une meilleure qualit\u00e9 de vie dans l\u2019enqu\u00eate Worldwide Quality of Living Survey\u00a02011.<\/em><\/span><\/p>\t\t\t\t\t\t\t\t<\/div>\n\t\t\t\t<\/div>\n\t\t\t\t\t<\/div>\n\t\t<\/div>\n\t\t\t\t\t<\/div>\n\t\t<\/section>\n\t\t\t\t<section class=\"elementor-section elementor-top-section elementor-element elementor-element-15f26be7 elementor-section-boxed elementor-section-height-default elementor-section-height-default\" data-id=\"15f26be7\" data-element_type=\"section\" data-e-type=\"section\" data-settings=\"{&quot;background_background&quot;:&quot;classic&quot;}\">\n\t\t\t\t\t\t<div class=\"elementor-container elementor-column-gap-default\">\n\t\t\t\t\t<div class=\"elementor-column elementor-col-50 elementor-top-column elementor-element elementor-element-4d1804d9\" data-id=\"4d1804d9\" data-element_type=\"column\" data-e-type=\"column\">\n\t\t\t<div class=\"elementor-widget-wrap elementor-element-populated\">\n\t\t\t\t\t\t<div class=\"elementor-element elementor-element-6fb2948a elementor-widget elementor-widget-text-editor\" data-id=\"6fb2948a\" data-element_type=\"widget\" data-e-type=\"widget\" data-widget_type=\"text-editor.default\">\n\t\t\t\t<div class=\"elementor-widget-container\">\n\t\t\t\t\t\t\t\t\t<h3><strong>Le co\u00fbt de la vie:\u00a0<\/strong><\/h3>\n<p>En r\u00e9alit\u00e9 il est difficile de donner une juste indication des\u00a0prix pratiqu\u00e9s au Portugal.\u00a0En effet, ceux-ci varient en fonction de la saison, de la ville, du quartier. Disons que si vous vivez comme les Portugais en achetant vos produits frais sur les march\u00e9s plus t\u00f4t que dans les supermarch\u00e9s et en \u00e9vitant les produits de marque import\u00e9s, la vie au Portugal vous apparaitra bon march\u00e9.<\/p>\n<p>Globalement, le\u00a0<strong>cout de la vie au Portugal<\/strong>\u00a0est moins \u00e9lev\u00e9 que dans la plupart des autres pays d\u2019Europe (environ 30% moins).<\/p>\n<p>Selon l\u2019UBS (Prices and Earnings 2010), les indices de prix s\u2019av\u00e8rent attractifs:<\/p>\n<ul>\n<li><strong>Alimentation:<\/strong>\u00a068,2 (indice: New York = 100);<\/li>\n<li><strong>V\u00eatements:<\/strong>\u00a053,3 (indice: New York = 100);<\/li>\n<li><strong>Services:<\/strong>\u00a067,9 (indice: New York = 100);<\/li>\n<li><strong>Ticket de transport public :<\/strong>\u00a0\u20ac 0,80 (trajet d\u2019environ 10 km);<\/li>\n<li><strong>Restaurant:<\/strong>\u00a0\u20ac 40 (d\u00eener compos\u00e9 de 3 plats dans un restaurant de qualit\u00e9).<\/li>\n<\/ul>\t\t\t\t\t\t\t\t<\/div>\n\t\t\t\t<\/div>\n\t\t\t\t<div class=\"elementor-element elementor-element-45be8f22 elementor-widget-divider--view-line elementor-widget elementor-widget-divider\" data-id=\"45be8f22\" data-element_type=\"widget\" data-e-type=\"widget\" data-widget_type=\"divider.default\">\n\t\t\t\t<div class=\"elementor-widget-container\">\n\t\t\t\t\t\t\t<div class=\"elementor-divider\">\n\t\t\t<span class=\"elementor-divider-separator\">\n\t\t\t\t\t\t<\/span>\n\t\t<\/div>\n\t\t\t\t\t\t<\/div>\n\t\t\t\t<\/div>\n\t\t\t\t\t<\/div>\n\t\t<\/div>\n\t\t\t\t<div class=\"elementor-column elementor-col-50 elementor-top-column elementor-element elementor-element-25e411d9\" data-id=\"25e411d9\" data-element_type=\"column\" data-e-type=\"column\">\n\t\t\t<div class=\"elementor-widget-wrap\">\n\t\t\t\t\t\t\t<\/div>\n\t\t<\/div>\n\t\t\t\t\t<\/div>\n\t\t<\/section>\n\t\t\t\t<section class=\"elementor-section elementor-top-section elementor-element elementor-element-3282d1ea elementor-section-content-middle elementor-section-boxed elementor-section-height-default elementor-section-height-default\" data-id=\"3282d1ea\" data-element_type=\"section\" data-e-type=\"section\" data-settings=\"{&quot;background_background&quot;:&quot;classic&quot;}\">\n\t\t\t\t\t\t<div class=\"elementor-container elementor-column-gap-default\">\n\t\t\t\t\t<div class=\"elementor-column elementor-col-50 elementor-top-column elementor-element elementor-element-56d3671e\" data-id=\"56d3671e\" data-element_type=\"column\" data-e-type=\"column\">\n\t\t\t<div class=\"elementor-widget-wrap elementor-element-populated\">\n\t\t\t\t\t\t<div class=\"elementor-element elementor-element-6a0a3d2c elementor-widget elementor-widget-testimonial\" data-id=\"6a0a3d2c\" data-element_type=\"widget\" data-e-type=\"widget\" data-widget_type=\"testimonial.default\">\n\t\t\t\t<div class=\"elementor-widget-container\">\n\t\t\t\t\t\t\t<div class=\"elementor-testimonial-wrapper\">\n\t\t\t\t\t\t\t<div class=\"elementor-testimonial-content\">Besoins d'informations compl\u00e9mentaires, prenez contact avec notre \u00e9quipe <\/div>\n\t\t\t\n\t\t\t\t\t<\/div>\n\t\t\t\t\t\t<\/div>\n\t\t\t\t<\/div>\n\t\t\t\t\t<\/div>\n\t\t<\/div>\n\t\t\t\t<div class=\"elementor-column elementor-col-50 elementor-top-column elementor-element elementor-element-75a76988\" data-id=\"75a76988\" data-element_type=\"column\" data-e-type=\"column\">\n\t\t\t<div class=\"elementor-widget-wrap elementor-element-populated\">\n\t\t\t\t\t\t<div class=\"elementor-element elementor-element-590cadb elementor-align-center elementor-widget elementor-widget-button\" data-id=\"590cadb\" data-element_type=\"widget\" data-e-type=\"widget\" data-widget_type=\"button.default\">\n\t\t\t\t<div class=\"elementor-widget-container\">\n\t\t\t\t\t\t\t\t\t<div class=\"elementor-button-wrapper\">\n\t\t\t\t\t<a class=\"elementor-button elementor-button-link elementor-size-lg\" href=\"https:\/\/vivreauportugalconsulting.com\/contact-vivreau-portugal\/\">\n\t\t\t\t\t\t<span class=\"elementor-button-content-wrapper\">\n\t\t\t\t\t\t<span class=\"elementor-button-icon\">\n\t\t\t\t<i aria-hidden=\"true\" class=\"far fa-envelope\"><\/i>\t\t\t<\/span>\n\t\t\t\t\t\t\t\t\t<span class=\"elementor-button-text\">Contactez-nous<\/span>\n\t\t\t\t\t<\/span>\n\t\t\t\t\t<\/a>\n\t\t\t\t<\/div>\n\t\t\t\t\t\t\t\t<\/div>\n\t\t\t\t<\/div>\n\t\t\t\t\t<\/div>\n\t\t<\/div>\n\t\t\t\t\t<\/div>\n\t\t<\/section>\n\t\t\t\t<section class=\"elementor-section elementor-top-section elementor-element elementor-element-22669207 elementor-section-boxed elementor-section-height-default elementor-section-height-default\" data-id=\"22669207\" data-element_type=\"section\" data-e-type=\"section\">\n\t\t\t\t\t\t<div class=\"elementor-container elementor-column-gap-default\">\n\t\t\t\t\t<div class=\"elementor-column elementor-col-100 elementor-top-column elementor-element elementor-element-6a9b2582\" data-id=\"6a9b2582\" data-element_type=\"column\" data-e-type=\"column\">\n\t\t\t<div class=\"elementor-widget-wrap elementor-element-populated\">\n\t\t\t\t\t\t<div class=\"elementor-element elementor-element-6469028b elementor-widget elementor-widget-spacer\" data-id=\"6469028b\" data-element_type=\"widget\" data-e-type=\"widget\" data-widget_type=\"spacer.default\">\n\t\t\t\t<div class=\"elementor-widget-container\">\n\t\t\t\t\t\t\t<div class=\"elementor-spacer\">\n\t\t\t<div class=\"elementor-spacer-inner\"><\/div>\n\t\t<\/div>\n\t\t\t\t\t\t<\/div>\n\t\t\t\t<\/div>\n\t\t\t\t\t<\/div>\n\t\t<\/div>\n\t\t\t\t\t<\/div>\n\t\t<\/section>\n\t\t\t\t<\/div>\n\t\t","protected":false},"excerpt":{"rendered":"<p>Le Portugal Le Portugal attire chaque ann\u00e9e de plus en plus de visiteurs venus des quatre coins de l\u2019Europe.\u00a0Alors pourquoi pas vous ? Le Portugal un beau pays Ayant ses\u00a0fronti\u00e8res\u00a0g\u00e9ographiques bien d\u00e9finies depuis presque neuf si\u00e8cles, le Portugal connait un r\u00e9gime parlementaire d\u00e9mocratique avec une stabilit\u00e9 politique. Le Portugal\u00a0est membre de l\u2019Union europ\u00e9enne depuis 26&hellip;&nbsp;<a href=\"https:\/\/vivreauportugalconsulting.com\/fr_fr\/le-portugal-2\/\" rel=\"bookmark\">Read More &raquo;<span class=\"screen-reader-text\">LE PORTUGAL<\/span><\/a><\/p>\n","protected":false},"author":1,"featured_media":34,"parent":0,"menu_order":0,"comment_status":"closed","ping_status":"closed","template":"elementor_header_footer","meta":{"neve_meta_sidebar":"","neve_meta_container":"","neve_meta_enable_content_width":"","neve_meta_content_width":0,"neve_meta_title_alignment":"","neve_meta_author_avatar":"","neve_post_elements_order":"","neve_meta_disable_header":"","neve_meta_disable_footer":"","neve_meta_disable_title":"","neve_meta_reading_time":"","footnotes":""},"class_list":["post-6176","page","type-page","status-publish","has-post-thumbnail","hentry"],"jetpack_sharing_enabled":true,"_links":{"self":[{"href":"https:\/\/vivreauportugalconsulting.com\/fr_fr\/wp-json\/wp\/v2\/pages\/6176","targetHints":{"allow":["GET"]}}],"collection":[{"href":"https:\/\/vivreauportugalconsulting.com\/fr_fr\/wp-json\/wp\/v2\/pages"}],"about":[{"href":"https:\/\/vivreauportugalconsulting.com\/fr_fr\/wp-json\/wp\/v2\/types\/page"}],"author":[{"embeddable":true,"href":"https:\/\/vivreauportugalconsulting.com\/fr_fr\/wp-json\/wp\/v2\/users\/1"}],"replies":[{"embeddable":true,"href":"https:\/\/vivreauportugalconsulting.com\/fr_fr\/wp-json\/wp\/v2\/comments?post=6176"}],"version-history":[{"count":0,"href":"https:\/\/vivreauportugalconsulting.com\/fr_fr\/wp-json\/wp\/v2\/pages\/6176\/revisions"}],"wp:featuredmedia":[{"embeddable":true,"href":"https:\/\/vivreauportugalconsulting.com\/fr_fr\/wp-json\/wp\/v2\/media\/34"}],"wp:attachment":[{"href":"https:\/\/vivreauportugalconsulting.com\/fr_fr\/wp-json\/wp\/v2\/media?parent=6176"}],"curies":[{"name":"wp","href":"https:\/\/api.w.org\/{rel}","templated":true}]}}